{"id":1716,"date":"2018-02-26T08:29:11","date_gmt":"2018-02-26T08:29:11","guid":{"rendered":"http:\/\/advanced.es\/?page_id=1716"},"modified":"2018-04-11T15:46:15","modified_gmt":"2018-04-11T15:46:15","slug":"textos-legals","status":"publish","type":"page","link":"https:\/\/www.advanced.es\/ca\/textos-legals\/","title":{"rendered":"Textos legals"},"content":{"rendered":"<p>[et_pb_section fb_built=&#8221;1&#8243; _builder_version=&#8221;3.0.47&#8243;][et_pb_row _builder_version=&#8221;3.0.47&#8243; background_size=&#8221;initial&#8221; background_position=&#8221;top_left&#8221; background_repeat=&#8221;repeat&#8221;][et_pb_column type=&#8221;4_4&#8243; _builder_version=&#8221;3.0.47&#8243; parallax=&#8221;off&#8221; parallax_method=&#8221;on&#8221;][et_pb_post_title meta=&#8221;off&#8221; featured_image=&#8221;off&#8221; _builder_version=&#8221;3.0.106&#8243;][\/et_pb_post_title][et_pb_text _builder_version=&#8221;3.0.106&#8243;]<\/p>\n<p><strong>Condicions generals d\u2019\u00fas de la p\u00e0gina web www.advanced.es<\/strong><br \/> Aquesta p\u00e0gina web \u00e9s propietat d\u2019<strong>ADVANCED BUSINESS CENTER ( MART\u00cd FONT GRUP S.L. )<\/strong>, amb domicili social a Granollers, carrer Girona. 161 i codi postal 08402 ( en endavant ADVANCED ), identificada amb el C.I.F B-64245897, inscrita al Registre Mercantil de Barcelona, i t\u00e9 car\u00e0cter merament informatiu relatiu als diferents serveis que ofereix.<\/p>\n<h2>Responsabilitats d\u2019\u00fas<\/h2>\n<p>Ambdues parts s\u00f3n responsables de la veracitat de les dades que s\u2019envi\u00efn i gestionin a trav\u00e9s del sistema. L\u2019Usuari haur\u00e0 de disposar dels mitjans materials, sistemes, xarxes de comunicaci\u00f3, maquin\u00e0ria i equips necessaris per al correcte funcionament del sistema.<\/p>\n<p>L\u2019Usuari i <strong>ADVANCED<\/strong> adoptaran totes les mesures de seguretat necess\u00e0ries de conformitat amb la tecnologia i situaci\u00f3 en el mercat, amb la finalitat de no introduir qualsevol tipus de codi contaminant o virus al sistema.<\/p>\n<p>No obstant lo anterior, <strong>ADVANCED<\/strong> exclou qualsevol responsabilitat per danys i perjudicis a l\u2019Usuari en relaci\u00f3 amb:<\/p>\n<ul>\n<li>Falta de funcionament correcte de la p\u00e0gina web o dels serveis i promocions oferts a trav\u00e9s de la mateixa, aix\u00ed com de la falta d\u2019adaptaci\u00f3 de la p\u00e0gina web per a una finalitat concreta esperada pels Usuaris.<\/li>\n<li>Pres\u00e8ncia de codis contaminants o virus o pres\u00e8ncia d\u2019altres elements que poguessin produir alteracions en el sistema inform\u00e0tic o fitxers dels Usuaris.<\/li>\n<\/ul>\n<p><strong>ADVANCED<\/strong> no es responsabilitza del mal \u00fas que es realitzi dels continguts de la seva p\u00e0gina web, essent responsabilitat exclusiva de la persona que accedeix a ells o els utilitza.Tampoc assumeix cap responsabilitat per la informaci\u00f3 continguda a les p\u00e0gines web de tercers a les que es pugui accedir a trav\u00e9s d\u2019enlla\u00e7os des de la p\u00e0gina www.advanced.es.. La pres\u00e8ncia d\u2019aquests enlla\u00e7os t\u00e9 una finalitat informativa i no constitueixen en cap cas una invitaci\u00f3 a la contractaci\u00f3 de productes o serveis que es puguin oferir a la p\u00e0gina web de dest\u00ed. Si <strong>ADVANCED<\/strong> tingu\u00e9s coneixement efectiu de que l\u2019activitat o la informaci\u00f3 a la que remeten aquests enlla\u00e7os \u00e9s il.l\u00edcita, constitutiva de delicte o que pot lesionar b\u00e9ns o drets de tercers susceptibles de indemnitzaci\u00f3, actuar\u00e0 amb la dilig\u00e8ncia necess\u00e0ria per a suprimir o inutilitzar l\u2019enlla\u00e7 corresponent a la major brevetat possible.<\/p>\n<p><strong>ADVANCED<\/strong> declina tota responsabilitat derivada de l\u2019intercanvi d&#8217;informaci\u00f3 entre usuaris a trav\u00e9s de la seva p\u00e0gina web. Especialment no es fa responsable de l\u2019\u00fas que els menors puguin fer d\u2019 ella en cas de que els continguts als que tinguin acc\u00e9s puguin ferir la seva sensibilitat.<\/p>\n<h2>Seguretat i confidencialitat. Pol\u00edtica de Protecci\u00f3 de Dades<\/h2>\n<p>Les dades de car\u00e0cter personal proporcionades per vost\u00e8, i les que en qualsevol moment faciliti, seran tractades en els termes i condicions estipulats a la nostra Pol\u00edtica de Privacitat. La mera utilitzaci\u00f3 de la nostra p\u00e0gina web, suposa l\u2019acceptaci\u00f3 de les presents Condicions Generals i de la Pol\u00edtica de Privacitat que s\u2019inclou a la mateixa.<\/p>\n<h2>Propietat intelectual i\/o industrial<\/h2>\n<p>Tota la informaci\u00f3 continguda a la p\u00e0gina web www.advanced.es, com poden ser, a t\u00edtol enunciatiu, el disseny gr\u00e0fic, imatges, codis font, marques, r\u00e8tols d\u2019establiment, noms comercials, denominacions, altres signes distintius o links de tercers, etc., estan subjectes a drets de propietat intelectual i industrial d\u2019<strong>ADVANCED<\/strong> o de tercers.<\/p>\n<p>Sota cap concepte, l\u2019acc\u00e9s als serveis d\u2019<strong>ADVANCED<\/strong> suposen la ren\u00fancia, transmissi\u00f3, cessi\u00f3 o llic\u00e8ncia total o parcial dels esmentats drets, ni confereix cap dret d&#8217;utilitzaci\u00f3, traducci\u00f3, adaptaci\u00f3, alteraci\u00f3, explotaci\u00f3, reproducci\u00f3, distribuci\u00f3 o comunicaci\u00f3 p\u00fablica dels esmentats drets de propietat intelectual sense la pr\u00e8via i expressa autoritzaci\u00f3 d\u2019<strong>ADVANCED<\/strong> o del tercer titular dels drets afectats. Per tant, a t\u00edtol enunciatiu que no limitatiu, l\u2019 Usuari, no estar\u00e0 autoritzat a reproduir, descompilar, invertir, transformar, modificar, ni actualitzar el sistema, sense l\u2019autoritzaci\u00f3 pr\u00e8via i per escrit d\u2019<strong>ADVANCED<\/strong>.<\/p>\n<p>En cap cas est\u00e0 autoritzada, i ser\u00e0 perseguida, la reproducci\u00f3 total o parcial de les dades i continguts als que es tingui acc\u00e9s a www.advanced.es, si s\u2019utilitzessin contravenint la legislaci\u00f3 vigent en mat\u00e8ria de propietat industrial o intelectual.<\/p>\n<p>No obstant lo anterior, quedan protegits els drets de l\u2019Usuari previstos per les disposicions legals vigents, aix\u00ed com els drets de l\u2019Usuari de visualitzar i obtenir una c\u00f2pia a la mem\u00f2ria cach\u00e9 del seu ordinador com a reproducci\u00f3 transit\u00f2ria i access\u00f2ria, sense que en cap cas estigui autoritzada per a comunicar la mateixa a tercers.<\/p>\n<p><strong>ADVANCED<\/strong> es reserva el dret d\u2019actualitzar, modificar o eliminar la informaci\u00f3 continguda a la seva p\u00e0gina web, i la seva configuraci\u00f3 o presentaci\u00f3, en qualsevol moment, sense previ av\u00eds i sense assumir cap tipus de responsabilitat per fer-ho.<\/p>\n<h2>Legislaci\u00f3 aplicable i jurisdicci\u00f3<\/h2>\n<p>Les presents condicions queden subjectes a la normativa de dret com\u00fa espanyola. Els Usuaris es sotmeten expressament per a qualsevol q\u00fcesti\u00f3, discrep\u00e0ncia, controv\u00e8rsia o reclamaci\u00f3 que es derivi de l\u2019execuci\u00f3, interpretaci\u00f3 o cumpliment de les obligacions que s\u2019estableixin entre ADVANCED i els usuaris de la p\u00e0gina web www.advanced.es, als Jutjats i Tribunals de Granollers, amb ren\u00fancia expressa a qualsevol altre fur que per llei pogu\u00e9s correspondre&#8217;ls.<\/p>\n<p>El mer acc\u00e9s o utilitzaci\u00f3 de la p\u00e0gina web www.advanced.es per part de l\u2019Usuari, suposa l\u2019acceptaci\u00f3 de las presents Condicions Generals d\u2019\u00fas.<\/p>\n<h2>POL\u00cdTICA DE PRIVACITAT<\/h2>\n<p>Les dades de car\u00e0cter personal proporcionades per vost\u00e8 i les que en qualsevol moment ens faciliti, seran incorporades a un fitxer automatitzat de dades titularitat d\u2019<strong>ADVANCED<\/strong>, amb l\u2019objectiu de ser tractades en la mesura que fossin necess\u00e0ries o convenients per el desenvolupament de la relaci\u00f3 jur\u00eddica que s\u2019estableixi entre les parts i per a la seva utilitzaci\u00f3 amb finalitats comercials, d&#8217;informaci\u00f3 i publicit\u00e0ries de tot tipus de productes i serveis propis i aliens.<\/p>\n<p>L\u2019usuari podr\u00e0 exercir els seus drets d\u2019acc\u00e9s, rectificaci\u00f3, cancelaci\u00f3 i oposici\u00f3 dirigint-se per escrit a la seu de la Societat situada al Carrer Girona n\u00ba 161 de Granollers ( 08402 ).<\/p>\n<p>L\u2019acceptaci\u00f3 de la present Pol\u00edtica de Privacitat, implica l\u2019autoritzaci\u00f3 expressa a <strong>ADVANCED<\/strong>, per a la remissi\u00f3 de comunicacions comercials i ofertes promocionals per v\u00eda electr\u00f2nica, o qualsevol altre mitj\u00e0 equivalent. En cas de que vost\u00e8 no desitgi rebre comunicacions comercials per via electr\u00f2nica, li preguem que ens ho comuniqui a trav\u00e9s de l\u2019enviament d\u2019un correu electr\u00f2nic a la seg\u00fcent direcci\u00f3 <a href=\"mailto:info@advanced.es\">info@advanced.es<\/a><\/p>\n<p>L\u2019enviament de la seva informaci\u00f3 personal a trav\u00e9s de la present p\u00e0gina web implica el consentiment expr\u00e9s i inequ\u00edvoc per el tractament de les seves dades de car\u00e0cter personal en els termes exposats a la present Pol\u00edtica de Privacitat.<\/p>\n<p>L\u2019acceptaci\u00f3 de la present Pol\u00edtica de Privacitat, suposa aix\u00ed mateix l\u2019acceptaci\u00f3 de les Condicions Generals d\u2019\u00fas d\u2019aquesta p\u00e0gina web.<\/p>\n<p>[\/et_pb_text][\/et_pb_column][\/et_pb_row][\/et_pb_section]<\/p>\n","protected":false},"excerpt":{"rendered":"<p>[et_pb_section fb_built=&#8221;1&#8243; _builder_version=&#8221;3.0.47&#8243;][et_pb_row _builder_version=&#8221;3.0.47&#8243; background_size=&#8221;initial&#8221; background_position=&#8221;top_left&#8221; background_repeat=&#8221;repeat&#8221;][et_pb_column type=&#8221;4_4&#8243; _builder_version=&#8221;3.0.47&#8243; parallax=&#8221;off&#8221; parallax_method=&#8221;on&#8221;][et_pb_post_title meta=&#8221;off&#8221; featured_image=&#8221;off&#8221; _builder_version=&#8221;3.0.106&#8243;][\/et_pb_post_title][et_pb_text _builder_version=&#8221;3.0.106&#8243;] Condicions generals d\u2019\u00fas de la p\u00e0gina web www.advanced.es Aquesta p\u00e0gina web \u00e9s propietat d\u2019ADVANCED BUSINESS CENTER ( MART\u00cd FONT GRUP S.L. ), amb domicili social a Granollers, carrer Girona. 161 i codi postal 08402 ( en endavant ADVANCED ), identificada [&hellip;]<\/p>\n","protected":false},"author":5,"featured_media":0,"parent":0,"menu_order":0,"comment_status":"closed","ping_status":"closed","template":"","meta":{"_et_pb_use_builder":"on","_et_pb_old_content":"","_et_gb_content_width":""},"_links":{"self":[{"href":"https:\/\/www.advanced.es\/ca\/wp-json\/wp\/v2\/pages\/1716"}],"collection":[{"href":"https:\/\/www.advanced.es\/ca\/wp-json\/wp\/v2\/pages"}],"about":[{"href":"https:\/\/www.advanced.es\/ca\/wp-json\/wp\/v2\/types\/page"}],"author":[{"embeddable":true,"href":"https:\/\/www.advanced.es\/ca\/wp-json\/wp\/v2\/users\/5"}],"replies":[{"embeddable":true,"href":"https:\/\/www.advanced.es\/ca\/wp-json\/wp\/v2\/comments?post=1716"}],"version-history":[{"count":6,"href":"https:\/\/www.advanced.es\/ca\/wp-json\/wp\/v2\/pages\/1716\/revisions"}],"predecessor-version":[{"id":1967,"href":"https:\/\/www.advanced.es\/ca\/wp-json\/wp\/v2\/pages\/1716\/revisions\/1967"}],"wp:attachment":[{"href":"https:\/\/www.advanced.es\/ca\/wp-json\/wp\/v2\/media?parent=1716"}],"curies":[{"name":"wp","href":"https:\/\/api.w.org\/{rel}","templated":true}]}}