{"id":1719,"date":"2018-02-26T08:44:15","date_gmt":"2018-02-26T08:44:15","guid":{"rendered":"http:\/\/advanced.es\/?page_id=1719"},"modified":"2018-03-22T15:30:24","modified_gmt":"2018-03-22T15:30:24","slug":"arquitectura-tecnica","status":"publish","type":"page","link":"https:\/\/www.advanced.es\/ca\/empreses-allotjades\/arquitectura-tecnica\/","title":{"rendered":"Arquitectura T\u00e8cnica"},"content":{"rendered":"<p>[et_pb_section bb_built=&#8221;1&#8243;][et_pb_row][et_pb_column type=&#8221;4_4&#8243;][et_pb_text _builder_version=&#8221;3.0.105&#8243; background_layout=&#8221;light&#8221;]<\/p>\n<h1>ARQUITECTURA T\u00c8NICA &#8211; ANNA BADIA GRA\u00d1ANA<\/h1>\n<p>[\/et_pb_text][\/et_pb_column][\/et_pb_row][et_pb_row][et_pb_column type=&#8221;1_2&#8243;][et_pb_image _builder_version=&#8221;3.0.105&#8243; src=&#8221;http:\/\/advanced.es\/wp-content\/uploads\/2018\/02\/IMG_9592.jpg&#8221; show_in_lightbox=&#8221;off&#8221; url_new_window=&#8221;off&#8221; use_overlay=&#8221;off&#8221; always_center_on_mobile=&#8221;on&#8221; force_fullwidth=&#8221;off&#8221; show_bottom_space=&#8221;on&#8221; align=&#8221;center&#8221; max_width=&#8221;75%&#8221; \/][\/et_pb_column][et_pb_column type=&#8221;1_2&#8243;][et_pb_text _builder_version=&#8221;3.0.105&#8243; background_layout=&#8221;light&#8221; border_style=&#8221;solid&#8221;]<\/p>\n<p>Despatx t\u00e8cnic creat en 2013 per<strong> Anna Badia Gra\u00f1ana, <\/strong>Enginyera de l\u2019edificaci\u00f3 titulada per la Universitat Polit\u00e8cnica de Catalunya amb m\u00e9s de cinc anys d\u2019experi\u00e8ncia, especialitzada en Certificaci\u00f3 Energ\u00e8tica i en C\u00e8dules d\u2019habitabilitat.<\/p>\n<p>Des del nostre despatx enfoquem els nostres serveis tan a particulars com a empreses (agents immobiliaris, despatxos professionals, &#8230; ). Un equip de professionals externs col\u00b7laboren amb el despatx per tal de cobrir qualsevol necessitat que requereix el seu enc\u00e0rrec. Aquest equip est\u00e0 format per Arquitectes, Industrials, advocats, Notaris, Administradors de finques, &#8230; .<\/p>\n<p>La filosofia de treball que oferim i la obligaci\u00f3 com a t\u00e8cnic es donar un servei amb un tracte individualitzat, professional y responsable, ja que cada enc\u00e0rrec que gestionem hi aportem tots els nostres coneixements en la mat\u00e8ria i la capacitat necess\u00e0ria per desenvolupar-los.<\/p>\n<p>A continuaci\u00f3 detallem els principals serveis que oferim:<\/p>\n<ul>\n<li>C\u00e8dules, certificats o informes d\u2019habitabilitat.<\/li>\n<li>Certificats o informes d\u2019efici\u00e8ncia energ\u00e8tica<\/li>\n<li>Inspeccions t\u00e8cniques dels edificis<\/li>\n<li>Llic\u00e8ncies d\u2019activitats inn\u00f2cues<\/li>\n<\/ul>\n<p>Obra menor i legalitzacions d\u2019obres (per a ajuntaments, cadastre o Registre de la Propietat).<\/p>\n<p>[\/et_pb_text][\/et_pb_column][\/et_pb_row][et_pb_row][et_pb_column type=&#8221;1_2&#8243;][et_pb_image _builder_version=&#8221;3.0.106&#8243; src=&#8221;http:\/\/advanced.es\/wp-content\/uploads\/2018\/03\/Arquitectura-logo.png&#8221; show_in_lightbox=&#8221;off&#8221; url_new_window=&#8221;off&#8221; use_overlay=&#8221;off&#8221; align=&#8221;right&#8221; always_center_on_mobile=&#8221;on&#8221; force_fullwidth=&#8221;off&#8221; animation_style=&#8221;slide&#8221; animation_duration=&#8221;500ms&#8221; animation_intensity_slide=&#8221;10%&#8221; animation_direction=&#8221;left&#8221; show_bottom_space=&#8221;on&#8221; \/][\/et_pb_column][et_pb_column type=&#8221;1_2&#8243;][et_pb_text _builder_version=&#8221;3.0.105&#8243; background_layout=&#8221;light&#8221; border_style=&#8221;solid&#8221;]<\/p>\n<h2>Contacte:<\/h2>\n<p><a href=\"mailto:atannabadia@gmail.com\">atannabadia@gmail.com<\/a><\/p>\n<p>93<b> <\/b>176<b> <\/b>39<b> <\/b>70 <strong>&#8211;<\/strong>\u00a0 678<b> <\/b>33<b> <\/b>25<b> <\/b>38<\/p>\n<p>[\/et_pb_text][\/et_pb_column][\/et_pb_row][\/et_pb_section]<\/p>\n","protected":false},"excerpt":{"rendered":"<p>[et_pb_section bb_built=&#8221;1&#8243;][et_pb_row][et_pb_column type=&#8221;4_4&#8243;][et_pb_text _builder_version=&#8221;3.0.105&#8243; background_layout=&#8221;light&#8221;] ARQUITECTURA T\u00c8NICA &#8211; ANNA BADIA GRA\u00d1ANA [\/et_pb_text][\/et_pb_column][\/et_pb_row][et_pb_row][et_pb_column type=&#8221;1_2&#8243;][et_pb_image _builder_version=&#8221;3.0.105&#8243; src=&#8221;http:\/\/advanced.es\/wp-content\/uploads\/2018\/02\/IMG_9592.jpg&#8221; show_in_lightbox=&#8221;off&#8221; url_new_window=&#8221;off&#8221; use_overlay=&#8221;off&#8221; always_center_on_mobile=&#8221;on&#8221; force_fullwidth=&#8221;off&#8221; show_bottom_space=&#8221;on&#8221; align=&#8221;center&#8221; max_width=&#8221;75%&#8221; \/][\/et_pb_column][et_pb_column type=&#8221;1_2&#8243;][et_pb_text _builder_version=&#8221;3.0.105&#8243; background_layout=&#8221;light&#8221; border_style=&#8221;solid&#8221;] Despatx t\u00e8cnic creat en 2013 per Anna Badia Gra\u00f1ana, Enginyera de l\u2019edificaci\u00f3 titulada per la Universitat Polit\u00e8cnica de Catalunya amb m\u00e9s de cinc anys d\u2019experi\u00e8ncia, especialitzada en [&hellip;]<\/p>\n","protected":false},"author":5,"featured_media":0,"parent":601,"menu_order":0,"comment_status":"closed","ping_status":"closed","template":"","meta":{"_et_pb_use_builder":"on","_et_pb_old_content":"","_et_gb_content_width":""},"_links":{"self":[{"href":"https:\/\/www.advanced.es\/ca\/wp-json\/wp\/v2\/pages\/1719"}],"collection":[{"href":"https:\/\/www.advanced.es\/ca\/wp-json\/wp\/v2\/pages"}],"about":[{"href":"https:\/\/www.advanced.es\/ca\/wp-json\/wp\/v2\/types\/page"}],"author":[{"embeddable":true,"href":"https:\/\/www.advanced.es\/ca\/wp-json\/wp\/v2\/users\/5"}],"replies":[{"embeddable":true,"href":"https:\/\/www.advanced.es\/ca\/wp-json\/wp\/v2\/comments?post=1719"}],"version-history":[{"count":5,"href":"https:\/\/www.advanced.es\/ca\/wp-json\/wp\/v2\/pages\/1719\/revisions"}],"predecessor-version":[{"id":1784,"href":"https:\/\/www.advanced.es\/ca\/wp-json\/wp\/v2\/pages\/1719\/revisions\/1784"}],"up":[{"embeddable":true,"href":"https:\/\/www.advanced.es\/ca\/wp-json\/wp\/v2\/pages\/601"}],"wp:attachment":[{"href":"https:\/\/www.advanced.es\/ca\/wp-json\/wp\/v2\/media?parent=1719"}],"curies":[{"name":"wp","href":"https:\/\/api.w.org\/{rel}","templated":true}]}}