{"id":1907,"date":"2018-04-10T08:07:40","date_gmt":"2018-04-10T08:07:40","guid":{"rendered":"http:\/\/advanced.es\/?page_id=1907"},"modified":"2018-04-18T15:34:08","modified_gmt":"2018-04-18T15:34:08","slug":"tifany-just-rodriguez","status":"publish","type":"page","link":"https:\/\/www.advanced.es\/ca\/empreses-allotjades\/tifany-just-rodriguez\/","title":{"rendered":"Tifany Just Rodr\u00edguez"},"content":{"rendered":"<p>[et_pb_section fb_built=&#8221;1&#8243; _builder_version=&#8221;3.0.47&#8243;][et_pb_row _builder_version=&#8221;3.0.47&#8243; background_size=&#8221;initial&#8221; background_position=&#8221;top_left&#8221; background_repeat=&#8221;repeat&#8221;][et_pb_column type=&#8221;4_4&#8243; _builder_version=&#8221;3.0.47&#8243; parallax=&#8221;off&#8221; parallax_method=&#8221;on&#8221;][et_pb_text _builder_version=&#8221;3.0.106&#8243;]<\/p>\n<h1>Tifany Just Rodr\u00edguez &#8211; Advocada<\/h1>\n<p>[\/et_pb_text][\/et_pb_column][\/et_pb_row][et_pb_row _builder_version=&#8221;3.0.47&#8243; background_size=&#8221;initial&#8221; background_position=&#8221;top_left&#8221; background_repeat=&#8221;repeat&#8221;][et_pb_column type=&#8221;2_3&#8243; _builder_version=&#8221;3.0.47&#8243; parallax=&#8221;off&#8221; parallax_method=&#8221;on&#8221;][et_pb_text _builder_version=&#8221;3.0.106&#8243;]<\/p>\n<p>La nostra intenci\u00f3 \u00e9s oferir un servei d&#8217;assessorament jur\u00eddic multidisciplinari, amb un alt nivell d&#8217;especialitzaci\u00f3. Amb aix\u00f2 volem resoldre qualsevol problema o conflicte que pugui sorgir en la vida quotidiana.<\/p>\n<p>Tant empreses com particulars, troben la resposta necess\u00e0ria en totes les \u00e0rees del Dret.<\/p>\n<p>Entre les mat\u00e8ries que tractem s&#8217;inclouen les seg\u00fcents:<\/p>\n<ul>\n<li>DRET DE FAM\u00cdLIA (Separacions \/ divorcis, convenis, tutel\u00b7la, adopcions)<\/li>\n<li>OBLIGACIONS I CONTRACTES<\/li>\n<li>COMUNITAT DE PROPIETARIS \u2013 PROPIETAT HORITZONTAL<\/li>\n<li>RECLAMACIONS DE QUANTITATS (Factures impagades, danys)<\/li>\n<li>DRET BANCARI (Negociaci\u00f3 banc\u00e0ria, hipoteques, reestructuraci\u00f3 i daci\u00f3 en pagament, cl\u00e0usules abusives)<\/li>\n<li>DRET PENAL (Alcohol\u00e8mies, menors, juidicis de faltes, viol\u00e8ncia dom\u00e8stica agressor i v\u00edctima, robatoris i furts)<\/li>\n<li>DRET CIRCULACI\u00d3 (Accidents \/ danys)<\/li>\n<li>DRET LABORAL (Reclamaci\u00f3 de salaris \/ acomiadaments \/ convenis d\u2019empresa)<\/li>\n<li>PROCEDIMENTS D\u2019INCAPACITAT<\/li>\n<\/ul>\n<p>[\/et_pb_text][\/et_pb_column][et_pb_column type=&#8221;1_3&#8243; _builder_version=&#8221;3.0.47&#8243; parallax=&#8221;off&#8221; parallax_method=&#8221;on&#8221;][et_pb_image src=&#8221;http:\/\/advanced.es\/wp-content\/uploads\/2018\/04\/Logos_tifany.jpg&#8221; align=&#8221;right&#8221; _builder_version=&#8221;3.0.106&#8243; animation_style=&#8221;slide&#8221; animation_direction=&#8221;left&#8221; animation_duration=&#8221;500ms&#8221; animation_intensity_slide=&#8221;10%&#8221;][\/et_pb_image][et_pb_text _builder_version=&#8221;3.0.106&#8243;]<strong>Tifany Just Rodr\u00edguez<\/strong><br \/>\n<i class=\"fa fa-phone\"><\/i> 93 176 39 70<br \/>\n<i class=\"fa fa-map-marker\"><\/i> C\/Girona, 161 baixos &#8211; Granollers<br \/>\n<i class=\"fa fa-envelope\"><\/i> <a href=\"mailto:justabogada@gmail.com\">justabogada@gmail.com<\/a><br \/>\n[\/et_pb_text][\/et_pb_column][\/et_pb_row][\/et_pb_section]<\/p>\n","protected":false},"excerpt":{"rendered":"<p>[et_pb_section fb_built=&#8221;1&#8243; _builder_version=&#8221;3.0.47&#8243;][et_pb_row _builder_version=&#8221;3.0.47&#8243; background_size=&#8221;initial&#8221; background_position=&#8221;top_left&#8221; background_repeat=&#8221;repeat&#8221;][et_pb_column type=&#8221;4_4&#8243; _builder_version=&#8221;3.0.47&#8243; parallax=&#8221;off&#8221; parallax_method=&#8221;on&#8221;][et_pb_text _builder_version=&#8221;3.0.106&#8243;] Tifany Just Rodr\u00edguez &#8211; Advocada [\/et_pb_text][\/et_pb_column][\/et_pb_row][et_pb_row _builder_version=&#8221;3.0.47&#8243; background_size=&#8221;initial&#8221; background_position=&#8221;top_left&#8221; background_repeat=&#8221;repeat&#8221;][et_pb_column type=&#8221;2_3&#8243; _builder_version=&#8221;3.0.47&#8243; parallax=&#8221;off&#8221; parallax_method=&#8221;on&#8221;][et_pb_text _builder_version=&#8221;3.0.106&#8243;] La nostra intenci\u00f3 \u00e9s oferir un servei d&#8217;assessorament jur\u00eddic multidisciplinari, amb un alt nivell d&#8217;especialitzaci\u00f3. Amb aix\u00f2 volem resoldre qualsevol problema o conflicte que pugui sorgir en la [&hellip;]<\/p>\n","protected":false},"author":5,"featured_media":0,"parent":601,"menu_order":0,"comment_status":"closed","ping_status":"closed","template":"","meta":{"_et_pb_use_builder":"on","_et_pb_old_content":"","_et_gb_content_width":""},"_links":{"self":[{"href":"https:\/\/www.advanced.es\/ca\/wp-json\/wp\/v2\/pages\/1907"}],"collection":[{"href":"https:\/\/www.advanced.es\/ca\/wp-json\/wp\/v2\/pages"}],"about":[{"href":"https:\/\/www.advanced.es\/ca\/wp-json\/wp\/v2\/types\/page"}],"author":[{"embeddable":true,"href":"https:\/\/www.advanced.es\/ca\/wp-json\/wp\/v2\/users\/5"}],"replies":[{"embeddable":true,"href":"https:\/\/www.advanced.es\/ca\/wp-json\/wp\/v2\/comments?post=1907"}],"version-history":[{"count":5,"href":"https:\/\/www.advanced.es\/ca\/wp-json\/wp\/v2\/pages\/1907\/revisions"}],"predecessor-version":[{"id":1971,"href":"https:\/\/www.advanced.es\/ca\/wp-json\/wp\/v2\/pages\/1907\/revisions\/1971"}],"up":[{"embeddable":true,"href":"https:\/\/www.advanced.es\/ca\/wp-json\/wp\/v2\/pages\/601"}],"wp:attachment":[{"href":"https:\/\/www.advanced.es\/ca\/wp-json\/wp\/v2\/media?parent=1907"}],"curies":[{"name":"wp","href":"https:\/\/api.w.org\/{rel}","templated":true}]}}