{"id":593,"date":"2017-10-30T09:04:29","date_gmt":"2017-10-30T09:04:29","guid":{"rendered":"http:\/\/advanced.es\/?page_id=593\/"},"modified":"2018-10-15T09:52:54","modified_gmt":"2018-10-15T07:52:54","slug":"inici","status":"publish","type":"page","link":"https:\/\/www.advanced.es\/ca\/","title":{"rendered":"Inici"},"content":{"rendered":"<p>[et_pb_section bb_built=&#8221;1&#8243; fullwidth=&#8221;on&#8221; disabled_on=&#8221;on|on|on&#8221; _builder_version=&#8221;3.0.47&#8243; disabled=&#8221;on&#8221; next_background_color=&#8221;#000000&#8243;][et_pb_fullwidth_slider module_class=&#8221;et_fullscreen_slider slider-home&#8221; _builder_version=&#8221;3.0.89&#8243; box_shadow_style=&#8221;preset6&#8243; box_shadow_blur=&#8221;10px&#8221; box_shadow_color=&#8221;rgba(0,0,0,0.1)&#8221; custom_padding=&#8221;|||&#8221; remove_inner_shadow=&#8221;off&#8221; hide_content_on_mobile=&#8221;off&#8221; hide_cta_on_mobile=&#8221;off&#8221;][et_pb_slide heading=&#8221;Advanced Business Center&#8221; button_text=&#8221;Contacta&#8217;ns!&#8221; use_bg_overlay=&#8221;on&#8221; bg_overlay_color=&#8221;rgba(196,3,43,0.6)&#8221; use_text_overlay=&#8221;off&#8221; _builder_version=&#8221;3.0.89&#8243; header_font=&#8221;||||&#8221; body_font=&#8221;||||&#8221; background_color=&#8221;#ffffff&#8221; background_image=&#8221;http:\/\/advanced.es\/wp-content\/uploads\/2017\/05\/CIMG7383.jpg&#8221;]<\/p>\n<div class=\"slider-caixa-1\">\n<p>Advanced Business Center \u00e9s un dels primers centres de negocis nascuts a Granollers. Despr\u00e9s de 5 anys, seguim creixent en serveis i atenci\u00f3 als nostres clients.<\/p>\n<p>El nostre objectiu \u00e9s que els professionals allotjats a Advanced progressin amb nosaltres i, per aix\u00f2, ens adaptem a les seves necessitats d&#8217;espai a mesura que van creixent.<\/p>\n<p>Disposem de despatxos per aut\u00f2noms i petites empreses, llocs de coworking, sala de juntes, serveis de domiciliaci\u00f3, oficina virtual, etc..<\/p>\n<\/div>\n<p>[\/et_pb_slide][\/et_pb_fullwidth_slider][\/et_pb_section][et_pb_section bb_built=&#8221;1&#8243; fullwidth=&#8221;on&#8221; _builder_version=&#8221;3.0.47&#8243; prev_background_color=&#8221;#000000&#8243; next_background_color=&#8221;#000000&#8243;][et_pb_fullwidth_header title=&#8221;ADVANCED BUSINESS CENTER&#8221; text_orientation=&#8221;center&#8221; header_fullscreen=&#8221;on&#8221; header_scroll_down=&#8221;on&#8221; scroll_down_icon=&#8221;%%1%%&#8221; scroll_down_icon_color=&#8221;#c4032b&#8221; scroll_down_icon_size=&#8221;78px&#8221; background_overlay_color=&#8221;rgba(0,0,0,0)&#8221; module_class=&#8221;home-header&#8221; _builder_version=&#8221;3.9&#8243; title_font_size=&#8221;2.3em&#8221; title_line_height=&#8221;1.1em&#8221; background_color=&#8221;rgba(255, 255, 255, 0)&#8221; use_background_color_gradient=&#8221;on&#8221; background_image=&#8221;http:\/\/advanced.es\/wp-content\/uploads\/2018\/03\/cap\u00e7alera.jpg&#8221; background_position=&#8221;top_center&#8221; border_style_all=&#8221;none&#8221; \/][\/et_pb_section][et_pb_section bb_built=&#8221;1&#8243; module_class=&#8221;home-serveis&#8221; _builder_version=&#8221;3.0.89&#8243; prev_background_color=&#8221;#000000&#8243; next_background_color=&#8221;#000000&#8243;][et_pb_row _builder_version=&#8221;3.0.47&#8243; background_size=&#8221;initial&#8221; background_position=&#8221;top_left&#8221; background_repeat=&#8221;repeat&#8221;][et_pb_column type=&#8221;4_4&#8243;][et_pb_text _builder_version=&#8221;3.0.106&#8243;]<\/p>\n<p><span style=\"font-size: large;\">Advanced Business Center \u00e9s un dels primers centres de negocis nascuts a Granollers. Despr\u00e9s de 5 anys des de la seva inauguraci\u00f3, seguim creixent en serveis i atenci\u00f3 als nostres clients.<\/span><\/p>\n<p><span style=\"font-size: large;\">El nostre objectiu \u00e9s que els professionals allotjats a Advanced progressin amb nosaltres i, per aix\u00f2, ens adaptem a les seves necessitats d&#8217;espai a mesura que van creixent.<\/span><\/p>\n<p><span style=\"font-size: large;\">Disposem de despatxos per aut\u00f2noms i petites empreses, llocs de coworking, sala de juntes, serveis de domiciliaci\u00f3, oficina virtual, etc\u2026<\/span><\/p>\n<p>[\/et_pb_text][\/et_pb_column][\/et_pb_row][et_pb_row _builder_version=&#8221;3.0.47&#8243; background_size=&#8221;initial&#8221; background_position=&#8221;top_left&#8221; background_repeat=&#8221;repeat&#8221;][et_pb_column type=&#8221;4_4&#8243;][et_pb_text _builder_version=&#8221;3.0.89&#8243;]<\/p>\n<h2 style=\"text-align: center;\"><strong>Els nostres serveis<\/strong><\/h2>\n<p>[\/et_pb_text][\/et_pb_column][\/et_pb_row][et_pb_row _builder_version=&#8221;3.0.47&#8243; background_size=&#8221;initial&#8221; background_position=&#8221;top_left&#8221; background_repeat=&#8221;repeat&#8221;][et_pb_column type=&#8221;1_3&#8243;][et_pb_text _builder_version=&#8221;3.0.100&#8243;]<\/p>\n<h3 style=\"text-align: center;\"><span style=\"font-size: medium;\"><a href=\"servei-de-despatx\/\">Servei de despatx<\/a><\/span><\/h3>\n<p>[\/et_pb_text][et_pb_image src=&#8221;http:\/\/advanced.es\/wp-content\/uploads\/2018\/01\/oficina-1B.png&#8221; url=&#8221;http:\/\/advanced.es\/ca\/servei-de-despatx\/&#8221; align=&#8221;center&#8221; module_class=&#8221;icones-style&#8221; _builder_version=&#8221;3.0.100&#8243; background_color=&#8221;#f6f6f6&#8243;]<\/p>\n<p>&nbsp;<\/p>\n<p>[\/et_pb_image][et_pb_text _builder_version=&#8221;3.0.89&#8243;]<\/p>\n<p style=\"text-align: justify;\">Oficines moblades amb internet professional d&#8217;alta velocitat (via cable o WiFi), aire condicionat i calefacci\u00f3. Acc\u00e9s 24 hores amb sistema d&#8217;<span style=\"font-size: 14px;\">identificaci\u00f3 personal.<\/span><\/p>\n<p>[\/et_pb_text][\/et_pb_column][et_pb_column type=&#8221;1_3&#8243;][et_pb_text _builder_version=&#8221;3.0.100&#8243;]<\/p>\n<h3 style=\"text-align: center;\"><span style=\"font-size: medium;\"><a href=\"servei-de-coworking\/\">Servei de coworking<\/a><\/span><\/h3>\n<p>[\/et_pb_text][et_pb_image src=&#8221;http:\/\/advanced.es\/wp-content\/uploads\/2018\/01\/compartit-1.png&#8221; url=&#8221;http:\/\/advanced.es\/ca\/servei-de-coworking\/&#8221; align=&#8221;center&#8221; module_class=&#8221;icones-style&#8221; _builder_version=&#8221;3.0.100&#8243; background_color=&#8221;#f6f6f6&#8243;]<\/p>\n<p>&nbsp;<\/p>\n<p>[\/et_pb_image][et_pb_text _builder_version=&#8221;3.0.89&#8243;]<\/p>\n<p style=\"text-align: justify;\">Espai compartit amb altres professionals, amb internet professional d&#8217;alta velocitat (via cable o WiFi).<\/p>\n<p>[\/et_pb_text][\/et_pb_column][et_pb_column type=&#8221;1_3&#8243;][et_pb_text _builder_version=&#8221;3.0.100&#8243;]<\/p>\n<h3 style=\"text-align: center;\"><span style=\"font-size: medium;\"><a href=\"sala-de-reunio\/\">Sala de reuni\u00f3<\/a><\/span><\/h3>\n<p>[\/et_pb_text][et_pb_image src=&#8221;http:\/\/advanced.es\/wp-content\/uploads\/2018\/01\/reuniones-b.png&#8221; url=&#8221;http:\/\/advanced.es\/ca\/sala-de-reunio\/&#8221; align=&#8221;center&#8221; module_class=&#8221;icones-style&#8221; _builder_version=&#8221;3.0.100&#8243; background_color=&#8221;#f6f6f6&#8243;]<\/p>\n<p>&nbsp;<\/p>\n<p>[\/et_pb_image][et_pb_text _builder_version=&#8221;3.0.89&#8243;]<\/p>\n<p style=\"text-align: justify;\">Sala vers\u00e0til amb possibilitat de diferents distribucions segons les necessitats. Disposa de projector, pantalla, televisi\u00f3 i climatizaci\u00f3 independent.<\/p>\n<p>[\/et_pb_text][\/et_pb_column][\/et_pb_row][et_pb_row _builder_version=&#8221;3.0.47&#8243; background_size=&#8221;initial&#8221; background_position=&#8221;top_left&#8221; background_repeat=&#8221;repeat&#8221;][et_pb_column type=&#8221;1_3&#8243;][et_pb_text _builder_version=&#8221;3.0.100&#8243;]<\/p>\n<h3 style=\"text-align: center;\"><span style=\"font-size: medium;\"><a href=\"oficina-virtual\/\">Oficina virtual<\/a><\/span><\/h3>\n<p>[\/et_pb_text][et_pb_image src=&#8221;http:\/\/advanced.es\/wp-content\/uploads\/2018\/01\/oficina-virtual-2.png&#8221; url=&#8221;http:\/\/advanced.es\/ca\/oficina-virtual\/&#8221; align=&#8221;center&#8221; module_class=&#8221;icones-style&#8221; _builder_version=&#8221;3.0.100&#8243; background_color=&#8221;#f6f6f6&#8243;]<\/p>\n<p>&nbsp;<\/p>\n<p>[\/et_pb_image][et_pb_text _builder_version=&#8221;3.0.89&#8243;]<\/p>\n<p style=\"text-align: justify;\">Domicili\u00ef la seva societat centralitzant la recepci\u00f3 de correspond\u00e8ncia i missatgeria i disposi d\u2019un n\u00famero de tel\u00e8fon propi amb atenci\u00f3 personalitzada de trucades.<\/p>\n<p>[\/et_pb_text][\/et_pb_column][et_pb_column type=&#8221;1_3&#8243;][et_pb_text _builder_version=&#8221;3.0.100&#8243;]<\/p>\n<h3 style=\"text-align: center;\"><span style=\"font-size: medium;\"><a href=\"domiciliacio\/\">Domiciliaci\u00f3 d&#8217;empreses<\/a><\/span><\/h3>\n<p>[\/et_pb_text][et_pb_image src=&#8221;http:\/\/advanced.es\/wp-content\/uploads\/2018\/02\/mensajeria-b.png&#8221; url=&#8221;http:\/\/advanced.es\/ca\/domiciliacio\/&#8221; align=&#8221;center&#8221; module_class=&#8221;icones-style&#8221; _builder_version=&#8221;3.0.100&#8243;]<\/p>\n<p>&nbsp;<\/p>\n<p>[\/et_pb_image][et_pb_text _builder_version=&#8221;3.0.89&#8243;]<\/p>\n<p style=\"text-align: justify;\">El servei de domiciliaci\u00f3 inclou la recepci\u00f3 de correspond\u00e8ncia i missatgeria amb av\u00eds d\u2019arribada per e-mail.<\/p>\n<p>[\/et_pb_text][\/et_pb_column][et_pb_column type=&#8221;1_3&#8243;][et_pb_text _builder_version=&#8221;3.0.100&#8243;]<\/p>\n<h3 style=\"text-align: center;\"><span style=\"font-size: medium;\"><a href=\"#\">Serveis adicionals<\/a><\/span><\/h3>\n<p>[\/et_pb_text][et_pb_image src=&#8221;http:\/\/advanced.es\/wp-content\/uploads\/2018\/01\/otros-b.png&#8221; align=&#8221;center&#8221; module_class=&#8221;icones-style&#8221; _builder_version=&#8221;3.0.100&#8243;]<\/p>\n<p>&nbsp;<\/p>\n<p>[\/et_pb_image][et_pb_text _builder_version=&#8221;3.0.89&#8243;]<\/p>\n<p style=\"text-align: justify;\">Com a client nostre pot contractar serveis de secret\u00e0ria, assessorament laboral o fiscal, serveis inform\u00e0tics, etc<\/p>\n<p>[\/et_pb_text][\/et_pb_column][\/et_pb_row][\/et_pb_section][et_pb_section bb_built=&#8221;1&#8243; fullwidth=&#8221;on&#8221; _builder_version=&#8221;3.0.47&#8243; prev_background_color=&#8221;#000000&#8243; next_background_color=&#8221;rgba(38,38,38,0.1)&#8221;][et_pb_fullwidth_header text_orientation=&#8221;center&#8221; scroll_down_icon_color=&#8221;#ffffff&#8221; button_one_text=&#8221;Visiti les nostres instal\u00b7lacions&#8221; button_one_url=&#8221;http:\/\/advanced.es\/ca\/instal%C2%B7lacions\/&#8221; background_overlay_color=&#8221;rgba(195,7,42,0.7)&#8221; _builder_version=&#8221;3.2&#8243; background_color=&#8221;rgba(255, 255, 255, 0)&#8221; background_image=&#8221;http:\/\/advanced.es\/wp-content\/uploads\/2018\/02\/cabecera-7.jpg&#8221; parallax=&#8221;on&#8221; parallax_method=&#8221;on&#8221; custom_button_one=&#8221;on&#8221; button_one_text_color=&#8221;#ffffff&#8221; button_one_bg_color=&#8221;rgba(0,0,0,0.4)&#8221; button_one_border_color=&#8221;#ffffff&#8221; button_one_icon_color=&#8221;#ffffff&#8221; button_one_text_color_hover=&#8221;#ffffff&#8221; button_one_bg_color_hover=&#8221;rgba(0,0,0,0.6)&#8221; button_one_border_color_hover=&#8221;#ffffff&#8221; background_layout=&#8221;light&#8221;]<\/p>\n<p>&nbsp;<\/p>\n<p>[\/et_pb_fullwidth_header][\/et_pb_section][et_pb_section bb_built=&#8221;1&#8243; module_class=&#8221;home-serveis&#8221; _builder_version=&#8221;3.0.89&#8243; background_color=&#8221;rgba(38,38,38,0.1)&#8221; prev_background_color=&#8221;#ffffff&#8221; next_background_color=&#8221;#ffffff&#8221;][et_pb_row _builder_version=&#8221;3.0.60&#8243; background_size=&#8221;initial&#8221; background_position=&#8221;top_left&#8221; background_repeat=&#8221;repeat&#8221;][et_pb_column type=&#8221;4_4&#8243;][et_pb_text _builder_version=&#8221;3.0.60&#8243; border_style=&#8221;solid&#8221;]<\/p>\n<h2 style=\"text-align: center;\"><strong>Caracter\u00edstiques del centre<\/strong><\/h2>\n<p>[\/et_pb_text][\/et_pb_column][\/et_pb_row][et_pb_row _builder_version=&#8221;3.0.47&#8243; background_size=&#8221;initial&#8221; background_position=&#8221;top_left&#8221; background_repeat=&#8221;repeat&#8221;][et_pb_column type=&#8221;1_3&#8243;][et_pb_text _builder_version=&#8221;3.0.100&#8243;]<\/p>\n<h3 style=\"text-align: center;\"><span style=\"font-size: medium;\"><a>Office<\/a><\/span><\/h3>\n<p>[\/et_pb_text][et_pb_image src=&#8221;http:\/\/advanced.es\/wp-content\/uploads\/2018\/01\/office-b.png&#8221; align=&#8221;center&#8221; module_class=&#8221;icones-style2&#8243; _builder_version=&#8221;3.0.100&#8243; animation_style=&#8221;slide&#8221; animation_direction=&#8221;left&#8221; animation_duration=&#8221;500ms&#8221; animation_intensity_slide=&#8221;10%&#8221;]<\/p>\n<p>&nbsp;<\/p>\n<p>[\/et_pb_image][et_pb_text _builder_version=&#8221;3.0.89&#8243; border_style_all=&#8221;solid&#8221; border_style=&#8221;solid&#8221;]<\/p>\n<p style=\"text-align: center;\">Servei d&#8217;office amb microones, nevera, vending i cooler.<\/p>\n<p>[\/et_pb_text][\/et_pb_column][et_pb_column type=&#8221;1_3&#8243;][et_pb_text _builder_version=&#8221;3.0.100&#8243;]<\/p>\n<h3 style=\"text-align: center;\"><span style=\"font-size: medium;\"><a>Vigil\u00e0ncia<\/a><\/span><\/h3>\n<p>[\/et_pb_text][et_pb_image src=&#8221;http:\/\/advanced.es\/wp-content\/uploads\/2018\/01\/vigilancia-b.png&#8221; align=&#8221;center&#8221; module_class=&#8221;icones-style2&#8243; _builder_version=&#8221;3.0.100&#8243; animation_style=&#8221;slide&#8221; animation_direction=&#8221;left&#8221; animation_duration=&#8221;500ms&#8221; animation_intensity_slide=&#8221;10%&#8221;]<\/p>\n<p>&nbsp;<\/p>\n<p>[\/et_pb_image][et_pb_text _builder_version=&#8221;3.0.60&#8243; border_style=&#8221;solid&#8221;]<\/p>\n<p style=\"text-align: center;\">El centre est\u00e0 protegit amb alarma i c\u00e0mares de vigil\u00e0ncia 24h i acc\u00e9s amb identificaci\u00f3 personal.<\/p>\n<p>[\/et_pb_text][\/et_pb_column][et_pb_column type=&#8221;1_3&#8243;][et_pb_text _builder_version=&#8221;3.0.100&#8243;]<\/p>\n<h3 style=\"text-align: center;\"><span style=\"font-size: medium;\"><a>Internet<\/a><\/span><\/h3>\n<p>[\/et_pb_text][et_pb_image src=&#8221;http:\/\/advanced.es\/wp-content\/uploads\/2018\/01\/wifi-b.png&#8221; align=&#8221;center&#8221; module_class=&#8221;icones-style2&#8243; _builder_version=&#8221;3.0.100&#8243; animation_style=&#8221;slide&#8221; animation_direction=&#8221;left&#8221; animation_duration=&#8221;500ms&#8221; animation_intensity_slide=&#8221;10%&#8221;]<\/p>\n<p>&nbsp;<\/p>\n<p>[\/et_pb_image][et_pb_text _builder_version=&#8221;3.0.60&#8243; border_style=&#8221;solid&#8221;]<\/p>\n<p style=\"text-align: center;\">Disposa d&#8217;internet professional d&#8217;alta velocitat (via cable o WiFi).<\/p>\n<p>[\/et_pb_text][\/et_pb_column][\/et_pb_row][\/et_pb_section][et_pb_section bb_built=&#8221;1&#8243; _builder_version=&#8221;3.0.100&#8243; custom_padding=&#8221;40px|0px|54px|0px&#8221; prev_background_color=&#8221;rgba(38,38,38,0.1)&#8221; next_background_color=&#8221;rgba(38,38,38,0.1)&#8221;][et_pb_row custom_padding=&#8221;27px|0px|27px|401px&#8221; _builder_version=&#8221;3.0.60&#8243;][et_pb_column type=&#8221;4_4&#8243;][et_pb_text _builder_version=&#8221;3.0.60&#8243; border_style=&#8221;solid&#8221;]<\/p>\n<h2><strong>Empreses allotjades<\/strong><\/h2>\n<p>[\/et_pb_text][\/et_pb_column][\/et_pb_row][et_pb_row _builder_version=&#8221;3.0.47&#8243; background_size=&#8221;initial&#8221; background_position=&#8221;top_left&#8221; background_repeat=&#8221;repeat&#8221;][et_pb_column type=&#8221;4_4&#8243;][et_pb_code _builder_version=&#8221;3.9&#8243;]\t\n\t\t<div id='wordpress-carousel-free-69e761f13ffe2' class='wpcp-carousel-section wpcp-standard nav-vertical-center' data-slick='{ \"accessibility\": true, \"arrows\":true, \"autoplay\":true, \"autoplaySpeed\":3000, \"dots\":false, \"infinite\":true, \"speed\":600, \"pauseOnHover\":true, \"slidesToShow\":5, \"responsive\":[ { \"breakpoint\":1200, \"settings\": { \"slidesToShow\":4 } }, { \"breakpoint\":980, \"settings\":{ \"slidesToShow\":3 } }, { \"breakpoint\":736, \"settings\": { \"slidesToShow\":2 } }, {\"breakpoint\":480, \"settings\":{ \"slidesToShow\":1, \"arrows\":true, \"dots\":false } } ], \"rows\":1, \"swipe\":true, \"draggable\":true }' >\n\t\t\t<div class='wpcp-single-item'>\n\t\t\t\t<img src='https:\/\/www.advanced.es\/wp-content\/uploads\/2018\/01\/votv-logo-300x198.png' alt='votv-logo' \/>\n\t\t\t<\/div>\n\t\t\t<div class='wpcp-single-item'>\n\t\t\t\t<img src='https:\/\/www.advanced.es\/wp-content\/uploads\/2018\/03\/Mundus_logo-300x198.png' alt='Mundus_logo' \/>\n\t\t\t<\/div>\n\t\t\t<div class='wpcp-single-item'>\n\t\t\t\t<img src='https:\/\/www.advanced.es\/wp-content\/uploads\/2017\/11\/mimetes_logo-300x198.png' alt='mimetes_logo' \/>\n\t\t\t<\/div>\n\t\t\t<div class='wpcp-single-item'>\n\t\t\t\t<img src='https:\/\/www.advanced.es\/wp-content\/uploads\/2018\/04\/Logos_tifany-300x198.jpg' alt='Logos_tifany' \/>\n\t\t\t<\/div>\n\t\t\t<div class='wpcp-single-item'>\n\t\t\t\t<img src='https:\/\/www.advanced.es\/wp-content\/uploads\/2018\/01\/Logos_arrova-300x198.png' alt='Logos_arrova' \/>\n\t\t\t<\/div>\n\t\t\t<div class='wpcp-single-item'>\n\t\t\t\t<img src='https:\/\/www.advanced.es\/wp-content\/uploads\/2018\/07\/logo_carina-300x198.png' alt='logo_carina' \/>\n\t\t\t<\/div>\n\t\t\t<div class='wpcp-single-item'>\n\t\t\t\t<img src='https:\/\/www.advanced.es\/wp-content\/uploads\/2017\/11\/kaizen_logo-300x198.png' alt='kaizen_logo' \/>\n\t\t\t<\/div>\n\t\t\t<div class='wpcp-single-item'>\n\t\t\t\t<img src='https:\/\/www.advanced.es\/wp-content\/uploads\/2017\/11\/genfish_logo-300x198.png' alt='genfish_logo' \/>\n\t\t\t<\/div>\n\t\t\t<div class='wpcp-single-item'>\n\t\t\t\t<img src='https:\/\/www.advanced.es\/wp-content\/uploads\/2018\/01\/etanco_logo-300x198.png' alt='etanco_logo' \/>\n\t\t\t<\/div>\n\t\t\t<div class='wpcp-single-item'>\n\t\t\t\t<img src='https:\/\/www.advanced.es\/wp-content\/uploads\/2018\/03\/EC_chemicals_logo-300x198.png' alt='EC_chemicals_logo' \/>\n\t\t\t<\/div>\n\t\t\t<div class='wpcp-single-item'>\n\t\t\t\t<img src='https:\/\/www.advanced.es\/wp-content\/uploads\/2017\/11\/culligan_logo-1-300x198.png' alt='culligan_logo' \/>\n\t\t\t<\/div>\n\t\t\t<div class='wpcp-single-item'>\n\t\t\t\t<img src='https:\/\/www.advanced.es\/wp-content\/uploads\/2017\/11\/creditcontrol_logo-300x198.png' alt='creditcontrol_logo' \/>\n\t\t\t<\/div>\n\t\t\t<div class='wpcp-single-item'>\n\t\t\t\t<img src='https:\/\/www.advanced.es\/wp-content\/uploads\/2017\/11\/consultor\u00eda_logo-300x198.png' alt='consultor\u00eda_logo' \/>\n\t\t\t<\/div>\n\t\t\t<div class='wpcp-single-item'>\n\t\t\t\t<img src='https:\/\/www.advanced.es\/wp-content\/uploads\/2017\/11\/axa_martairanzo-300x198.png' alt='axa_martairanzo' \/>\n\t\t\t<\/div>\n\t\t\t<div class='wpcp-single-item'>\n\t\t\t\t<img src='https:\/\/www.advanced.es\/wp-content\/uploads\/2018\/03\/Arquitectura-logo-300x198.png' alt='Arquitectura-logo' \/>\n\t\t\t<\/div>\n\t\t\t<div class='wpcp-single-item'>\n\t\t\t\t<img src='https:\/\/www.advanced.es\/wp-content\/uploads\/2017\/11\/amparo_logo-300x198.png' alt='amparo_logo' \/>\n\t\t\t<\/div>\n\t\t\t<\/div>\n[\/et_pb_code][\/et_pb_column][\/et_pb_row][\/et_pb_section][et_pb_section bb_built=&#8221;1&#8243; disabled_on=&#8221;on|on|on&#8221; _builder_version=&#8221;3.0.100&#8243; background_color=&#8221;rgba(38,38,38,0.1)&#8221; custom_padding=&#8221;29px|0px|54px|0px&#8221; disabled=&#8221;on&#8221; prev_background_color=&#8221;#ffffff&#8221;][et_pb_row custom_padding=&#8221;27px|0px|27px|1px&#8221; _builder_version=&#8221;3.0.47&#8243; background_size=&#8221;initial&#8221; background_position=&#8221;top_left&#8221; background_repeat=&#8221;repeat&#8221;][et_pb_column type=&#8221;4_4&#8243;][et_pb_text _builder_version=&#8221;3.0.60&#8243; border_style=&#8221;solid&#8221;]<\/p>\n<h2 style=\"text-align: center;\"><strong>\u00daltimes entrades del Blog<\/strong><\/h2>\n<p>[\/et_pb_text][et_pb_blog fullwidth=&#8221;off&#8221; posts_number=&#8221;3&#8243; meta_date=&#8221;j F Y&#8221; show_author=&#8221;off&#8221; show_pagination=&#8221;off&#8221; _builder_version=&#8221;3.0.51&#8243; border_style=&#8221;solid&#8221;]<\/p>\n<p>&nbsp;<\/p>\n<p>[\/et_pb_blog][\/et_pb_column][\/et_pb_row][\/et_pb_section]<\/p>\n","protected":false},"excerpt":{"rendered":"<p>[et_pb_section bb_built=&#8221;1&#8243; fullwidth=&#8221;on&#8221; disabled_on=&#8221;on|on|on&#8221; _builder_version=&#8221;3.0.47&#8243; disabled=&#8221;on&#8221; next_background_color=&#8221;#000000&#8243;][et_pb_fullwidth_slider module_class=&#8221;et_fullscreen_slider slider-home&#8221; _builder_version=&#8221;3.0.89&#8243; box_shadow_style=&#8221;preset6&#8243; box_shadow_blur=&#8221;10px&#8221; box_shadow_color=&#8221;rgba(0,0,0,0.1)&#8221; custom_padding=&#8221;|||&#8221; remove_inner_shadow=&#8221;off&#8221; hide_content_on_mobile=&#8221;off&#8221; hide_cta_on_mobile=&#8221;off&#8221;][et_pb_slide heading=&#8221;Advanced Business Center&#8221; button_text=&#8221;Contacta&#8217;ns!&#8221; use_bg_overlay=&#8221;on&#8221; bg_overlay_color=&#8221;rgba(196,3,43,0.6)&#8221; use_text_overlay=&#8221;off&#8221; _builder_version=&#8221;3.0.89&#8243; header_font=&#8221;||||&#8221; body_font=&#8221;||||&#8221; background_color=&#8221;#ffffff&#8221; background_image=&#8221;http:\/\/advanced.es\/wp-content\/uploads\/2017\/05\/CIMG7383.jpg&#8221;] Advanced Business Center \u00e9s un dels primers centres de negocis nascuts a Granollers. Despr\u00e9s de 5 anys, seguim creixent en serveis i atenci\u00f3 als nostres clients. [&hellip;]<\/p>\n","protected":false},"author":5,"featured_media":0,"parent":0,"menu_order":0,"comment_status":"closed","ping_status":"closed","template":"","meta":{"_et_pb_use_builder":"on","_et_pb_old_content":"","_et_gb_content_width":""},"_links":{"self":[{"href":"https:\/\/www.advanced.es\/ca\/wp-json\/wp\/v2\/pages\/593"}],"collection":[{"href":"https:\/\/www.advanced.es\/ca\/wp-json\/wp\/v2\/pages"}],"about":[{"href":"https:\/\/www.advanced.es\/ca\/wp-json\/wp\/v2\/types\/page"}],"author":[{"embeddable":true,"href":"https:\/\/www.advanced.es\/ca\/wp-json\/wp\/v2\/users\/5"}],"replies":[{"embeddable":true,"href":"https:\/\/www.advanced.es\/ca\/wp-json\/wp\/v2\/comments?post=593"}],"version-history":[{"count":126,"href":"https:\/\/www.advanced.es\/ca\/wp-json\/wp\/v2\/pages\/593\/revisions"}],"predecessor-version":[{"id":2035,"href":"https:\/\/www.advanced.es\/ca\/wp-json\/wp\/v2\/pages\/593\/revisions\/2035"}],"wp:attachment":[{"href":"https:\/\/www.advanced.es\/ca\/wp-json\/wp\/v2\/media?parent=593"}],"curies":[{"name":"wp","href":"https:\/\/api.w.org\/{rel}","templated":true}]}}