{"id":599,"date":"2017-10-30T09:09:51","date_gmt":"2017-10-30T09:09:51","guid":{"rendered":"http:\/\/advanced.es\/?page_id=599\/"},"modified":"2018-04-10T09:21:36","modified_gmt":"2018-04-10T09:21:36","slug":"domiciliacio-dempreses","status":"publish","type":"page","link":"https:\/\/www.advanced.es\/ca\/domiciliacio-dempreses\/","title":{"rendered":"Domiciliaci\u00f3 d&#8217;empreses"},"content":{"rendered":"<p>[et_pb_section bb_built=&#8221;1&#8243; fullwidth=&#8221;on&#8221; _builder_version=&#8221;3.0.47&#8243; next_background_color=&#8221;#000000&#8243;][et_pb_fullwidth_slider show_arrows=&#8221;off&#8221; show_pagination=&#8221;off&#8221; module_class=&#8221;slider-home&#8221; _builder_version=&#8221;3.0.106&#8243; saved_tabs=&#8221;all&#8221; box_shadow_blur=&#8221;10px&#8221; box_shadow_color=&#8221;rgba(0,0,0,0.1)&#8221; custom_button=&#8221;off&#8221; button_icon_placement=&#8221;right&#8221; show_content_on_mobile=&#8221;on&#8221; show_cta_on_mobile=&#8221;on&#8221; show_image_video_mobile=&#8221;off&#8221;][et_pb_slide heading=&#8221;Domiciliaci\u00f3 d&#8217;empreses&#8221; use_bg_overlay=&#8221;on&#8221; bg_overlay_color=&#8221;rgba(0,0,0,0.4)&#8221; use_text_overlay=&#8221;off&#8221; _builder_version=&#8221;3.0.106&#8243; header_level=&#8221;h1&#8243; header_text_align=&#8221;center&#8221; header_font_size=&#8221;2.5em&#8221; header_font_size_tablet=&#8221;2.5em&#8221; header_font_size_phone=&#8221;1.5em&#8221; background_image=&#8221;http:\/\/advanced.es\/wp-content\/uploads\/2018\/02\/cabecera-5.jpg&#8221; use_background_color_gradient=&#8221;off&#8221; background_color_gradient_start=&#8221;#2b87da&#8221; background_color_gradient_end=&#8221;#29c4a9&#8243; background_color_gradient_type=&#8221;linear&#8221; background_color_gradient_direction=&#8221;180deg&#8221; background_color_gradient_direction_radial=&#8221;center&#8221; background_color_gradient_start_position=&#8221;0%&#8221; background_color_gradient_end_position=&#8221;100%&#8221; background_color_gradient_overlays_image=&#8221;off&#8221; parallax=&#8221;off&#8221; parallax_method=&#8221;on&#8221; background_size=&#8221;cover&#8221; background_position=&#8221;center&#8221; background_repeat=&#8221;no-repeat&#8221; background_blend=&#8221;normal&#8221; allow_player_pause=&#8221;off&#8221; background_video_pause_outside_viewport=&#8221;on&#8221; text_border_radius=&#8221;3&#8243; alignment=&#8221;center&#8221; child_filter_hue_rotate=&#8221;0deg&#8221; child_filter_saturate=&#8221;100%&#8221; child_filter_brightness=&#8221;100%&#8221; child_filter_contrast=&#8221;100%&#8221; child_filter_invert=&#8221;0%&#8221; child_filter_sepia=&#8221;0%&#8221; child_filter_opacity=&#8221;100%&#8221; child_filter_blur=&#8221;0px&#8221; child_mix_blend_mode=&#8221;normal&#8221; background_layout=&#8221;dark&#8221; text_shadow_style=&#8221;none&#8221; header_text_shadow_style=&#8221;none&#8221; body_text_shadow_style=&#8221;none&#8221; custom_button=&#8221;off&#8221; button_bg_use_color_gradient=&#8221;off&#8221; button_bg_color_gradient_overlays_image=&#8221;off&#8221; button_use_icon=&#8221;on&#8221; button_on_hover=&#8221;on&#8221; button_text_shadow_style=&#8221;none&#8221; box_shadow_style_button=&#8221;none&#8221; text_shadow_horizontal_length=&#8221;0em&#8221; text_shadow_vertical_length=&#8221;0em&#8221; text_shadow_blur_strength=&#8221;0em&#8221; header_font_size_last_edited=&#8221;on|phone&#8221; header_text_shadow_horizontal_length=&#8221;0em&#8221; header_text_shadow_vertical_length=&#8221;0em&#8221; header_text_shadow_blur_strength=&#8221;0em&#8221; body_text_shadow_horizontal_length=&#8221;0em&#8221; body_text_shadow_vertical_length=&#8221;0em&#8221; body_text_shadow_blur_strength=&#8221;0em&#8221; button_text_shadow_horizontal_length=&#8221;0em&#8221; button_text_shadow_vertical_length=&#8221;0em&#8221; button_text_shadow_blur_strength=&#8221;0em&#8221; \/][\/et_pb_fullwidth_slider][\/et_pb_section][et_pb_section bb_built=&#8221;1&#8243; fullwidth=&#8221;off&#8221; specialty=&#8221;off&#8221; prev_background_color=&#8221;#000000&#8243;][et_pb_row][et_pb_column type=&#8221;1_3&#8243;][et_pb_image _builder_version=&#8221;3.0.100&#8243; src=&#8221;http:\/\/advanced.es\/wp-content\/uploads\/2018\/02\/domiciliacion.png&#8221; show_in_lightbox=&#8221;off&#8221; url_new_window=&#8221;off&#8221; use_overlay=&#8221;off&#8221; align=&#8221;center&#8221; always_center_on_mobile=&#8221;on&#8221; force_fullwidth=&#8221;off&#8221; show_bottom_space=&#8221;on&#8221; \/][\/et_pb_column][et_pb_column type=&#8221;2_3&#8243;][et_pb_text _builder_version=&#8221;3.0.100&#8243; border_style_all=&#8221;solid&#8221; border_style=&#8221;solid&#8221;]<\/p>\n<p class=\"foto-text\">El servei de domiciliaci\u00f3 inclou la recepci\u00f3 de correspond\u00e8ncia i missatgeria amb av\u00eds d&#8217;arribada per e-mail.<\/p>\n<p>[\/et_pb_text][\/et_pb_column][\/et_pb_row][\/et_pb_section]<\/p>\n","protected":false},"excerpt":{"rendered":"<p>[et_pb_section bb_built=&#8221;1&#8243; fullwidth=&#8221;on&#8221; _builder_version=&#8221;3.0.47&#8243; next_background_color=&#8221;#000000&#8243;][et_pb_fullwidth_slider show_arrows=&#8221;off&#8221; show_pagination=&#8221;off&#8221; module_class=&#8221;slider-home&#8221; _builder_version=&#8221;3.0.106&#8243; saved_tabs=&#8221;all&#8221; box_shadow_blur=&#8221;10px&#8221; box_shadow_color=&#8221;rgba(0,0,0,0.1)&#8221; custom_button=&#8221;off&#8221; button_icon_placement=&#8221;right&#8221; show_content_on_mobile=&#8221;on&#8221; show_cta_on_mobile=&#8221;on&#8221; show_image_video_mobile=&#8221;off&#8221;][et_pb_slide heading=&#8221;Domiciliaci\u00f3 d&#8217;empreses&#8221; use_bg_overlay=&#8221;on&#8221; bg_overlay_color=&#8221;rgba(0,0,0,0.4)&#8221; use_text_overlay=&#8221;off&#8221; _builder_version=&#8221;3.0.106&#8243; header_level=&#8221;h1&#8243; header_text_align=&#8221;center&#8221; header_font_size=&#8221;2.5em&#8221; header_font_size_tablet=&#8221;2.5em&#8221; header_font_size_phone=&#8221;1.5em&#8221; background_image=&#8221;http:\/\/advanced.es\/wp-content\/uploads\/2018\/02\/cabecera-5.jpg&#8221; use_background_color_gradient=&#8221;off&#8221; background_color_gradient_start=&#8221;#2b87da&#8221; background_color_gradient_end=&#8221;#29c4a9&#8243; background_color_gradient_type=&#8221;linear&#8221; background_color_gradient_direction=&#8221;180deg&#8221; background_color_gradient_direction_radial=&#8221;center&#8221; background_color_gradient_start_position=&#8221;0%&#8221; background_color_gradient_end_position=&#8221;100%&#8221; background_color_gradient_overlays_image=&#8221;off&#8221; parallax=&#8221;off&#8221; parallax_method=&#8221;on&#8221; background_size=&#8221;cover&#8221; background_position=&#8221;center&#8221; background_repeat=&#8221;no-repeat&#8221; background_blend=&#8221;normal&#8221; allow_player_pause=&#8221;off&#8221; background_video_pause_outside_viewport=&#8221;on&#8221; text_border_radius=&#8221;3&#8243; alignment=&#8221;center&#8221; child_filter_hue_rotate=&#8221;0deg&#8221; child_filter_saturate=&#8221;100%&#8221; child_filter_brightness=&#8221;100%&#8221; child_filter_contrast=&#8221;100%&#8221; child_filter_invert=&#8221;0%&#8221; child_filter_sepia=&#8221;0%&#8221; child_filter_opacity=&#8221;100%&#8221; [&hellip;]<\/p>\n","protected":false},"author":5,"featured_media":0,"parent":0,"menu_order":0,"comment_status":"closed","ping_status":"closed","template":"","meta":{"_et_pb_use_builder":"on","_et_pb_old_content":"","_et_gb_content_width":""},"_links":{"self":[{"href":"https:\/\/www.advanced.es\/ca\/wp-json\/wp\/v2\/pages\/599"}],"collection":[{"href":"https:\/\/www.advanced.es\/ca\/wp-json\/wp\/v2\/pages"}],"about":[{"href":"https:\/\/www.advanced.es\/ca\/wp-json\/wp\/v2\/types\/page"}],"author":[{"embeddable":true,"href":"https:\/\/www.advanced.es\/ca\/wp-json\/wp\/v2\/users\/5"}],"replies":[{"embeddable":true,"href":"https:\/\/www.advanced.es\/ca\/wp-json\/wp\/v2\/comments?post=599"}],"version-history":[{"count":11,"href":"https:\/\/www.advanced.es\/ca\/wp-json\/wp\/v2\/pages\/599\/revisions"}],"predecessor-version":[{"id":1927,"href":"https:\/\/www.advanced.es\/ca\/wp-json\/wp\/v2\/pages\/599\/revisions\/1927"}],"wp:attachment":[{"href":"https:\/\/www.advanced.es\/ca\/wp-json\/wp\/v2\/media?parent=599"}],"curies":[{"name":"wp","href":"https:\/\/api.w.org\/{rel}","templated":true}]}}