{"id":607,"date":"2017-10-30T09:17:50","date_gmt":"2017-10-30T09:17:50","guid":{"rendered":"http:\/\/advanced.es\/?page_id=607\/"},"modified":"2018-04-10T09:42:25","modified_gmt":"2018-04-10T09:42:25","slug":"instal%c2%b7lacions","status":"publish","type":"page","link":"https:\/\/www.advanced.es\/ca\/instal%c2%b7lacions\/","title":{"rendered":"Instal\u00b7lacions"},"content":{"rendered":"<p>[et_pb_section bb_built=&#8221;1&#8243; fullwidth=&#8221;on&#8221; _builder_version=&#8221;3.0.47&#8243; next_background_color=&#8221;#f7f7f7&#8243;][et_pb_fullwidth_slider show_arrows=&#8221;off&#8221; show_pagination=&#8221;off&#8221; module_class=&#8221;slider-home&#8221; _builder_version=&#8221;3.0.106&#8243; custom_button=&#8221;off&#8221; button_icon_placement=&#8221;right&#8221; show_content_on_mobile=&#8221;on&#8221; show_cta_on_mobile=&#8221;on&#8221; show_image_video_mobile=&#8221;off&#8221;][et_pb_slide heading=&#8221;Instal\u00b7lacions&#8221; use_bg_overlay=&#8221;on&#8221; bg_overlay_color=&#8221;rgba(0,0,0,0.4)&#8221; use_text_overlay=&#8221;off&#8221; _builder_version=&#8221;3.0.106&#8243; header_level=&#8221;h1&#8243; header_font_size=&#8221;2.5em&#8221; header_font_size_tablet=&#8221;2.5em&#8221; header_font_size_phone=&#8221;1.5em&#8221; background_image=&#8221;http:\/\/advanced.es\/wp-content\/uploads\/2018\/02\/cabecera-7.jpg&#8221; custom_button=&#8221;off&#8221; button_on_hover=&#8221;on&#8221; use_background_color_gradient=&#8221;off&#8221; background_color_gradient_start=&#8221;#2b87da&#8221; background_color_gradient_end=&#8221;#29c4a9&#8243; background_color_gradient_type=&#8221;linear&#8221; background_color_gradient_direction=&#8221;180deg&#8221; background_color_gradient_direction_radial=&#8221;center&#8221; background_color_gradient_start_position=&#8221;0%&#8221; background_color_gradient_end_position=&#8221;100%&#8221; background_color_gradient_overlays_image=&#8221;off&#8221; parallax=&#8221;off&#8221; parallax_method=&#8221;on&#8221; background_size=&#8221;cover&#8221; background_position=&#8221;center&#8221; background_repeat=&#8221;no-repeat&#8221; background_blend=&#8221;normal&#8221; allow_player_pause=&#8221;off&#8221; background_video_pause_outside_viewport=&#8221;on&#8221; text_border_radius=&#8221;3&#8243; alignment=&#8221;center&#8221; child_filter_hue_rotate=&#8221;0deg&#8221; child_filter_saturate=&#8221;100%&#8221; child_filter_brightness=&#8221;100%&#8221; child_filter_contrast=&#8221;100%&#8221; child_filter_invert=&#8221;0%&#8221; child_filter_sepia=&#8221;0%&#8221; child_filter_opacity=&#8221;100%&#8221; child_filter_blur=&#8221;0px&#8221; child_mix_blend_mode=&#8221;normal&#8221; background_layout=&#8221;dark&#8221; text_shadow_style=&#8221;none&#8221; header_font_size_last_edited=&#8221;on|phone&#8221; header_text_shadow_style=&#8221;none&#8221; body_text_shadow_style=&#8221;none&#8221; button_bg_use_color_gradient=&#8221;off&#8221; button_bg_color_gradient_overlays_image=&#8221;off&#8221; button_use_icon=&#8221;on&#8221; button_text_shadow_style=&#8221;none&#8221; box_shadow_style_button=&#8221;none&#8221; \/][\/et_pb_fullwidth_slider][\/et_pb_section][et_pb_section bb_built=&#8221;1&#8243; background_color=&#8221;#f7f7f7&#8243; _builder_version=&#8221;3.0.60&#8243; prev_background_color=&#8221;#ffffff&#8221; next_background_color=&#8221;#ffffff&#8221;][et_pb_row admin_label=&#8221;row&#8221; custom_padding=&#8221;27px|0px|3px|0px&#8221; background_color=&#8221;#f7f7f7&#8243; background_position_1=&#8221;top_left&#8221; background_repeat_1=&#8221;no-repeat&#8221; module_class=&#8221;instalaciones-despachos&#8221; _builder_version=&#8221;3.0.60&#8243; background_size=&#8221;initial&#8221; background_position=&#8221;top_left&#8221; background_repeat=&#8221;repeat&#8221;][et_pb_column type=&#8221;1_3&#8243;][et_pb_gallery gallery_ids=&#8221;1545,1546,1675&#8243; fullwidth=&#8221;on&#8221; _builder_version=&#8221;3.0.100&#8243; pagination_font_size_tablet=&#8221;51&#8243; pagination_line_height_tablet=&#8221;2&#8243; auto=&#8221;on&#8221; auto_speed=&#8221;5500&#8243;]<\/p>\n<p>&nbsp;<\/p>\n<p>[\/et_pb_gallery][et_pb_text _builder_version=&#8221;3.0.105&#8243; background_layout=&#8221;light&#8221;]<\/p>\n<p>Faci clic per ampliar<\/p>\n<p>[\/et_pb_text][\/et_pb_column][et_pb_column type=&#8221;2_3&#8243;][et_pb_text _builder_version=&#8221;3.0.89&#8243; border_style_all=&#8221;solid&#8221; border_style=&#8221;solid&#8221;]<\/p>\n<h2>Despatxos<\/h2>\n<p>[\/et_pb_text][et_pb_text _builder_version=&#8221;3.0.89&#8243; border_style_all=&#8221;solid&#8221; border_style=&#8221;solid&#8221;]<\/p>\n<p class=\"foto-text\">Oficines moblades amb internet professional d\u2019alta velocitat (via cable o WiFi), aire condicionat i calefacci\u00f3. Acc\u00e9s 24 hores amb sistema d&#8217; identificaci\u00f3 personal.<\/p>\n<p>[\/et_pb_text][et_pb_button button_url=&#8221;http:\/\/advanced.es\/ca\/servei-de-despatx\/&#8221; button_text=&#8221;Servei de despatxos&#8221; button_alignment=&#8221;left&#8221; _builder_version=&#8221;3.0.89&#8243; custom_button=&#8221;on&#8221; button_text_color=&#8221;#c3072a&#8221; button_border_color=&#8221;#c3072a&#8221; button_icon_color=&#8221;#c3072a&#8221;]<\/p>\n<p>&nbsp;<\/p>\n<p>[\/et_pb_button][et_pb_code _builder_version=&#8221;3.0.60&#8243;]&lt;div id=&#8221;coworking&#8221;&gt;&lt;\/div&gt;[\/et_pb_code][\/et_pb_column][\/et_pb_row][\/et_pb_section][et_pb_section bb_built=&#8221;1&#8243; admin_label=&#8221;section&#8221; _builder_version=&#8221;3.0.60&#8243; prev_background_color=&#8221;#f7f7f7&#8243; next_background_color=&#8221;#f7f7f7&#8243;][et_pb_row custom_padding=&#8221;27px|0px|5px|0px&#8221; _builder_version=&#8221;3.0.47&#8243; background_size=&#8221;initial&#8221; background_position=&#8221;top_left&#8221; background_repeat=&#8221;repeat&#8221;][et_pb_column type=&#8221;2_3&#8243;][et_pb_text _builder_version=&#8221;3.0.89&#8243; border_style_all=&#8221;solid&#8221; border_style=&#8221;solid&#8221;]<\/p>\n<h2 id=\"coworking\">Coworking<\/h2>\n<p>[\/et_pb_text][et_pb_text _builder_version=&#8221;3.0.89&#8243; border_style=&#8221;solid&#8221;]<\/p>\n<p class=\"foto-text\">Espai compartit amb altres professionals, amb internet professional d\u2019alta velocitat (via cable o WiFi).<\/p>\n<p>[\/et_pb_text][et_pb_button button_url=&#8221;http:\/\/advanced.es\/ca\/servei-de-coworking\/&#8221; button_text=&#8221;Servei de coworking&#8221; button_alignment=&#8221;left&#8221; _builder_version=&#8221;3.0.89&#8243; custom_button=&#8221;on&#8221; button_text_color=&#8221;#c3072a&#8221; button_border_color=&#8221;#c3072a&#8221; button_icon_color=&#8221;#c3072a&#8221;]<\/p>\n<p>&nbsp;<\/p>\n<p>[\/et_pb_button][et_pb_code _builder_version=&#8221;3.0.60&#8243;]&lt;div id=&#8221;sales&#8221;&gt;&lt;\/div&gt;[\/et_pb_code][\/et_pb_column][et_pb_column type=&#8221;1_3&#8243;][et_pb_gallery gallery_ids=&#8221;1555,1556&#8243; fullwidth=&#8221;on&#8221; _builder_version=&#8221;3.0.100&#8243; pagination_font_size_tablet=&#8221;51&#8243; pagination_line_height_tablet=&#8221;2&#8243; auto=&#8221;on&#8221; auto_speed=&#8221;5500&#8243;]<\/p>\n<p>&nbsp;<\/p>\n<p>[\/et_pb_gallery][et_pb_text _builder_version=&#8221;3.0.105&#8243; background_layout=&#8221;light&#8221;]<\/p>\n<p>Faci clic per ampliar<\/p>\n<p>[\/et_pb_text][\/et_pb_column][\/et_pb_row][\/et_pb_section][et_pb_section bb_built=&#8221;1&#8243; admin_label=&#8221;section&#8221; background_color=&#8221;#f7f7f7&#8243; _builder_version=&#8221;3.0.60&#8243; prev_background_color=&#8221;#ffffff&#8221; next_background_color=&#8221;#ffffff&#8221;][et_pb_row custom_padding=&#8221;27px|0px|3px|0px&#8221; _builder_version=&#8221;3.0.47&#8243; background_size=&#8221;initial&#8221; background_position=&#8221;top_left&#8221; background_repeat=&#8221;repeat&#8221;][et_pb_column type=&#8221;1_3&#8243;][et_pb_gallery gallery_ids=&#8221;1558,1557&#8243; fullwidth=&#8221;on&#8221; _builder_version=&#8221;3.0.100&#8243; pagination_font_size_tablet=&#8221;51&#8243; pagination_line_height_tablet=&#8221;2&#8243; auto=&#8221;on&#8221; auto_speed=&#8221;5500&#8243;]<\/p>\n<p>&nbsp;<\/p>\n<p>[\/et_pb_gallery][et_pb_text _builder_version=&#8221;3.0.105&#8243; background_layout=&#8221;light&#8221;]<\/p>\n<p>Faci clic per ampliar<\/p>\n<p>[\/et_pb_text][\/et_pb_column][et_pb_column type=&#8221;2_3&#8243;][et_pb_text _builder_version=&#8221;3.0.106&#8243; background_layout=&#8221;light&#8221;]<\/p>\n<h2 id=\"salas\">Sala de reuni\u00f3<\/h2>\n<p>[\/et_pb_text][et_pb_text _builder_version=&#8221;3.0.89&#8243; border_style=&#8221;solid&#8221;]<\/p>\n<p class=\"foto-text\">Sala vers\u00e0til amb possibilitat de diferents distribucions segons les necessitats. Disposa de projector, pantalla, televisi\u00f3 i climatizaci\u00f3 independent.<\/p>\n<p>[\/et_pb_text][et_pb_button button_url=&#8221;http:\/\/advanced.es\/ca\/sala-de-reunio\/&#8221; button_text=&#8221;Servei de sales&#8221; button_alignment=&#8221;left&#8221; _builder_version=&#8221;3.0.89&#8243; custom_button=&#8221;on&#8221; button_text_color=&#8221;#c3072a&#8221; button_border_color=&#8221;#c3072a&#8221; button_icon_color=&#8221;#c3072a&#8221;]<\/p>\n<p>&nbsp;<\/p>\n<p>[\/et_pb_button][et_pb_code _builder_version=&#8221;3.0.60&#8243;]&lt;div id=&#8221;comedor&#8221;&gt;&lt;\/div&gt;[\/et_pb_code][\/et_pb_column][\/et_pb_row][\/et_pb_section][et_pb_section bb_built=&#8221;1&#8243; admin_label=&#8221;section&#8221; _builder_version=&#8221;3.0.60&#8243; prev_background_color=&#8221;#f7f7f7&#8243; next_background_color=&#8221;#f7f7f7&#8243;][et_pb_row _builder_version=&#8221;3.0.47&#8243; background_size=&#8221;initial&#8221; background_position=&#8221;top_left&#8221; background_repeat=&#8221;repeat&#8221;][et_pb_column type=&#8221;2_3&#8243;][et_pb_text _builder_version=&#8221;3.0.89&#8243; border_style_all=&#8221;solid&#8221; border_style=&#8221;solid&#8221;]<\/p>\n<h2>Menjador<\/h2>\n<p>[\/et_pb_text][et_pb_text _builder_version=&#8221;3.0.106&#8243; border_style=&#8221;solid&#8221;]<\/p>\n<p class=\"foto-text\">Servei d\u2019office amb microones, nevera, vending i cooler.<\/p>\n<p>[\/et_pb_text][\/et_pb_column][et_pb_column type=&#8221;1_3&#8243;][et_pb_gallery gallery_ids=&#8221;1559,1560,1561&#8243; fullwidth=&#8221;on&#8221; _builder_version=&#8221;3.0.100&#8243; pagination_font_size_tablet=&#8221;51&#8243; pagination_line_height_tablet=&#8221;2&#8243; auto=&#8221;on&#8221; auto_speed=&#8221;5500&#8243;]<\/p>\n<p>&nbsp;<\/p>\n<p>[\/et_pb_gallery][et_pb_text _builder_version=&#8221;3.0.105&#8243; background_layout=&#8221;light&#8221;]<\/p>\n<p>Faci clic per ampliar<\/p>\n<p>[\/et_pb_text][\/et_pb_column][\/et_pb_row][\/et_pb_section][et_pb_section bb_built=&#8221;1&#8243; admin_label=&#8221;section&#8221; background_color=&#8221;#f7f7f7&#8243; _builder_version=&#8221;3.0.60&#8243; prev_background_color=&#8221;#ffffff&#8221;][et_pb_row custom_padding=&#8221;27px|0px|3px|0px&#8221; _builder_version=&#8221;3.0.47&#8243; background_size=&#8221;initial&#8221; background_position=&#8221;top_left&#8221; background_repeat=&#8221;repeat&#8221;][et_pb_column type=&#8221;1_3&#8243;][et_pb_gallery gallery_ids=&#8221;1369&#8243; fullwidth=&#8221;on&#8221; _builder_version=&#8221;3.0.106&#8243; pagination_font_size_tablet=&#8221;51&#8243; pagination_line_height_tablet=&#8221;2&#8243; auto=&#8221;on&#8221; auto_speed=&#8221;5500&#8243; show_title_and_caption=&#8221;on&#8221; show_pagination=&#8221;on&#8221; orientation=&#8221;landscape&#8221; zoom_icon_color=&#8221;#c3072a&#8221; hover_overlay_color=&#8221;rgba(255,255,255,0.9)&#8221; background_layout=&#8221;light&#8221;]<\/p>\n<p>&nbsp;<\/p>\n<p>[\/et_pb_gallery][et_pb_text _builder_version=&#8221;3.0.105&#8243; background_layout=&#8221;light&#8221;]<\/p>\n<p>Faci clic per ampliar<\/p>\n<p>[\/et_pb_text][\/et_pb_column][et_pb_column type=&#8221;2_3&#8243;][et_pb_text _builder_version=&#8221;3.0.106&#8243; background_layout=&#8221;light&#8221;]<\/p>\n<h2 id=\"salas\">Recepci\u00f3<\/h2>\n<p>[\/et_pb_text][et_pb_text _builder_version=&#8221;3.0.106&#8243; background_layout=&#8221;light&#8221;]<\/p>\n<p class=\"foto-text\">Zona de repeci\u00f3 per visites. Atenci\u00f3 personal altament qualificat.<\/p>\n<p>[\/et_pb_text][\/et_pb_column][\/et_pb_row][\/et_pb_section]<\/p>\n","protected":false},"excerpt":{"rendered":"<p>[et_pb_section bb_built=&#8221;1&#8243; fullwidth=&#8221;on&#8221; _builder_version=&#8221;3.0.47&#8243; next_background_color=&#8221;#f7f7f7&#8243;][et_pb_fullwidth_slider show_arrows=&#8221;off&#8221; show_pagination=&#8221;off&#8221; module_class=&#8221;slider-home&#8221; _builder_version=&#8221;3.0.106&#8243; custom_button=&#8221;off&#8221; button_icon_placement=&#8221;right&#8221; show_content_on_mobile=&#8221;on&#8221; show_cta_on_mobile=&#8221;on&#8221; show_image_video_mobile=&#8221;off&#8221;][et_pb_slide heading=&#8221;Instal\u00b7lacions&#8221; use_bg_overlay=&#8221;on&#8221; bg_overlay_color=&#8221;rgba(0,0,0,0.4)&#8221; use_text_overlay=&#8221;off&#8221; _builder_version=&#8221;3.0.106&#8243; header_level=&#8221;h1&#8243; header_font_size=&#8221;2.5em&#8221; header_font_size_tablet=&#8221;2.5em&#8221; header_font_size_phone=&#8221;1.5em&#8221; background_image=&#8221;http:\/\/advanced.es\/wp-content\/uploads\/2018\/02\/cabecera-7.jpg&#8221; custom_button=&#8221;off&#8221; button_on_hover=&#8221;on&#8221; use_background_color_gradient=&#8221;off&#8221; background_color_gradient_start=&#8221;#2b87da&#8221; background_color_gradient_end=&#8221;#29c4a9&#8243; background_color_gradient_type=&#8221;linear&#8221; background_color_gradient_direction=&#8221;180deg&#8221; background_color_gradient_direction_radial=&#8221;center&#8221; background_color_gradient_start_position=&#8221;0%&#8221; background_color_gradient_end_position=&#8221;100%&#8221; background_color_gradient_overlays_image=&#8221;off&#8221; parallax=&#8221;off&#8221; parallax_method=&#8221;on&#8221; background_size=&#8221;cover&#8221; background_position=&#8221;center&#8221; background_repeat=&#8221;no-repeat&#8221; background_blend=&#8221;normal&#8221; allow_player_pause=&#8221;off&#8221; background_video_pause_outside_viewport=&#8221;on&#8221; text_border_radius=&#8221;3&#8243; alignment=&#8221;center&#8221; child_filter_hue_rotate=&#8221;0deg&#8221; child_filter_saturate=&#8221;100%&#8221; child_filter_brightness=&#8221;100%&#8221; child_filter_contrast=&#8221;100%&#8221; child_filter_invert=&#8221;0%&#8221; child_filter_sepia=&#8221;0%&#8221; child_filter_opacity=&#8221;100%&#8221; child_filter_blur=&#8221;0px&#8221; child_mix_blend_mode=&#8221;normal&#8221; background_layout=&#8221;dark&#8221; [&hellip;]<\/p>\n","protected":false},"author":5,"featured_media":0,"parent":0,"menu_order":0,"comment_status":"closed","ping_status":"closed","template":"","meta":{"_et_pb_use_builder":"on","_et_pb_old_content":"","_et_gb_content_width":""},"_links":{"self":[{"href":"https:\/\/www.advanced.es\/ca\/wp-json\/wp\/v2\/pages\/607"}],"collection":[{"href":"https:\/\/www.advanced.es\/ca\/wp-json\/wp\/v2\/pages"}],"about":[{"href":"https:\/\/www.advanced.es\/ca\/wp-json\/wp\/v2\/types\/page"}],"author":[{"embeddable":true,"href":"https:\/\/www.advanced.es\/ca\/wp-json\/wp\/v2\/users\/5"}],"replies":[{"embeddable":true,"href":"https:\/\/www.advanced.es\/ca\/wp-json\/wp\/v2\/comments?post=607"}],"version-history":[{"count":32,"href":"https:\/\/www.advanced.es\/ca\/wp-json\/wp\/v2\/pages\/607\/revisions"}],"predecessor-version":[{"id":1940,"href":"https:\/\/www.advanced.es\/ca\/wp-json\/wp\/v2\/pages\/607\/revisions\/1940"}],"wp:attachment":[{"href":"https:\/\/www.advanced.es\/ca\/wp-json\/wp\/v2\/media?parent=607"}],"curies":[{"name":"wp","href":"https:\/\/api.w.org\/{rel}","templated":true}]}}