{"id":618,"date":"2017-10-30T09:35:56","date_gmt":"2017-10-30T09:35:56","guid":{"rendered":"http:\/\/advanced.es\/?page_id=618\/"},"modified":"2018-04-10T09:16:29","modified_gmt":"2018-04-10T09:16:29","slug":"servei-de-coworking","status":"publish","type":"page","link":"https:\/\/www.advanced.es\/ca\/servei-de-coworking\/","title":{"rendered":"Servei de coworking"},"content":{"rendered":"<p>[et_pb_section bb_built=&#8221;1&#8243; fullwidth=&#8221;on&#8221; _builder_version=&#8221;3.0.47&#8243; next_background_color=&#8221;#000000&#8243;][et_pb_fullwidth_slider show_arrows=&#8221;off&#8221; show_pagination=&#8221;off&#8221; module_class=&#8221;slider-home&#8221; _builder_version=&#8221;3.0.106&#8243; saved_tabs=&#8221;all&#8221; custom_button=&#8221;off&#8221; button_icon_placement=&#8221;right&#8221; show_content_on_mobile=&#8221;on&#8221; show_cta_on_mobile=&#8221;on&#8221; show_image_video_mobile=&#8221;off&#8221;][et_pb_slide heading=&#8221;Servei de coworking&#8221; use_bg_overlay=&#8221;on&#8221; bg_overlay_color=&#8221;rgba(0,0,0,0.4)&#8221; use_text_overlay=&#8221;off&#8221; _builder_version=&#8221;3.0.106&#8243; header_level=&#8221;h1&#8243; header_text_align=&#8221;center&#8221; header_font_size=&#8221;2.5em&#8221; header_font_size_tablet=&#8221;2.5em&#8221; header_font_size_phone=&#8221;1.9em&#8221; background_image=&#8221;http:\/\/advanced.es\/wp-content\/uploads\/2018\/02\/cabecera-2.jpg&#8221; custom_button=&#8221;off&#8221; button_on_hover=&#8221;on&#8221; use_background_color_gradient=&#8221;off&#8221; background_color_gradient_start=&#8221;#2b87da&#8221; background_color_gradient_end=&#8221;#29c4a9&#8243; background_color_gradient_type=&#8221;linear&#8221; background_color_gradient_direction=&#8221;180deg&#8221; background_color_gradient_direction_radial=&#8221;center&#8221; background_color_gradient_start_position=&#8221;0%&#8221; background_color_gradient_end_position=&#8221;100%&#8221; background_color_gradient_overlays_image=&#8221;off&#8221; parallax=&#8221;off&#8221; parallax_method=&#8221;on&#8221; background_size=&#8221;cover&#8221; background_position=&#8221;center&#8221; background_repeat=&#8221;no-repeat&#8221; background_blend=&#8221;normal&#8221; allow_player_pause=&#8221;off&#8221; background_video_pause_outside_viewport=&#8221;on&#8221; text_border_radius=&#8221;3&#8243; alignment=&#8221;center&#8221; child_filter_hue_rotate=&#8221;0deg&#8221; child_filter_saturate=&#8221;100%&#8221; child_filter_brightness=&#8221;100%&#8221; child_filter_contrast=&#8221;100%&#8221; child_filter_invert=&#8221;0%&#8221; child_filter_sepia=&#8221;0%&#8221; child_filter_opacity=&#8221;100%&#8221; child_filter_blur=&#8221;0px&#8221; child_mix_blend_mode=&#8221;normal&#8221; background_layout=&#8221;dark&#8221; text_shadow_style=&#8221;none&#8221; header_font_size_last_edited=&#8221;on|phone&#8221; header_text_shadow_style=&#8221;none&#8221; body_text_shadow_style=&#8221;none&#8221; button_bg_use_color_gradient=&#8221;off&#8221; button_bg_color_gradient_overlays_image=&#8221;off&#8221; button_use_icon=&#8221;on&#8221; button_text_shadow_style=&#8221;none&#8221; box_shadow_style_button=&#8221;none&#8221; \/][\/et_pb_fullwidth_slider][\/et_pb_section][et_pb_section bb_built=&#8221;1&#8243; admin_label=&#8221;section&#8221; _builder_version=&#8221;3.0.47&#8243; prev_background_color=&#8221;#000000&#8243;][et_pb_row admin_label=&#8221;row&#8221; _builder_version=&#8221;3.0.47&#8243; background_size=&#8221;initial&#8221; background_position=&#8221;top_left&#8221; background_repeat=&#8221;repeat&#8221;][et_pb_column type=&#8221;1_3&#8243;][et_pb_image src=&#8221;http:\/\/advanced.es\/wp-content\/uploads\/2018\/01\/compartit-1.png&#8221; show_in_lightbox=&#8221;on&#8221; use_overlay=&#8221;on&#8221; overlay_icon_color=&#8221;#ffffff&#8221; hover_overlay_color=&#8221;rgba(195,7,42,0.75)&#8221; hover_icon=&#8221;%%47%%&#8221; align=&#8221;center&#8221; _builder_version=&#8221;3.0.100&#8243; \/][\/et_pb_column][et_pb_column type=&#8221;2_3&#8243;][et_pb_text _builder_version=&#8221;3.0.89&#8243; border_style_all=&#8221;solid&#8221; border_style=&#8221;solid&#8221;]<\/p>\n<p class=\"foto-text\">La sala de coworking t\u00e9 una superf\u00edcie de 60m2 amb capacitat per 13 llocs de feina. Cadasc\u00fan d&#8217;ells consta d&#8217;una taula, un arxivador i estanteries compartides.<\/p>\n<p class=\"foto-text\">\u00c9s una sala di\u00e0fana amb llum natural.<\/p>\n<p class=\"foto-text\">Les diferents modalitats de coworking s\u00f3n:<\/p>\n<ul class=\"foto-text\">\n<li>2 dies per setmana<\/li>\n<li>3 dies per setmana<\/li>\n<li>4 dies per setmana<\/li>\n<li>\u00bd jornada<\/li>\n<li>Il\u00b7limitat<\/li>\n<\/ul>\n<p>[\/et_pb_text][\/et_pb_column][\/et_pb_row][et_pb_row _builder_version=&#8221;3.0.100&#8243; background_size=&#8221;initial&#8221; background_position=&#8221;top_left&#8221; background_repeat=&#8221;repeat&#8221;][et_pb_column type=&#8221;4_4&#8243;][et_pb_text _builder_version=&#8221;3.0.89&#8243; border_style_all=&#8221;solid&#8221; border_style=&#8221;solid&#8221;]<\/p>\n<p class=\"foto-text\">En les 4 primeres modalitats s&#8217;inclou 1 hora d&#8217;\u00fas setmanal gratu\u00eft de la sala de juntes i l&#8217;horari \u00e9s de dilluns a divendres de 9h a 14h i de 16h a 19h.<\/p>\n<p class=\"foto-text\">L&#8217;opci\u00f3 de coworking il\u00b7limitat inclou 2 hores d&#8217;\u00fas setmanal gratu\u00eft de la sala de juntes i l&#8217;acc\u00e9s al centre 24 hores els 365 dies de l&#8217;any amb sistema d&#8217;identificaci\u00f3 personal.<\/p>\n<p>[\/et_pb_text][\/et_pb_column][\/et_pb_row][et_pb_row _builder_version=&#8221;3.0.47&#8243; background_size=&#8221;initial&#8221; background_position=&#8221;top_left&#8221; background_repeat=&#8221;repeat&#8221;][et_pb_column type=&#8221;4_4&#8243;][et_pb_button button_url=&#8221;http:\/\/advanced.es\/ca\/instal%C2%B7lacions\/#coworking&#8221; button_text=&#8221;Veure sala de Coworking&#8221; button_alignment=&#8221;right&#8221; _builder_version=&#8221;3.0.100&#8243; custom_button=&#8221;on&#8221; button_text_color=&#8221;#c3072a&#8221; button_border_color=&#8221;#c3072a&#8221; button_icon_color=&#8221;#c3072a&#8221; \/][\/et_pb_column][\/et_pb_row][\/et_pb_section]<\/p>\n","protected":false},"excerpt":{"rendered":"<p>[et_pb_section bb_built=&#8221;1&#8243; fullwidth=&#8221;on&#8221; _builder_version=&#8221;3.0.47&#8243; next_background_color=&#8221;#000000&#8243;][et_pb_fullwidth_slider show_arrows=&#8221;off&#8221; show_pagination=&#8221;off&#8221; module_class=&#8221;slider-home&#8221; _builder_version=&#8221;3.0.106&#8243; saved_tabs=&#8221;all&#8221; custom_button=&#8221;off&#8221; button_icon_placement=&#8221;right&#8221; show_content_on_mobile=&#8221;on&#8221; show_cta_on_mobile=&#8221;on&#8221; show_image_video_mobile=&#8221;off&#8221;][et_pb_slide heading=&#8221;Servei de coworking&#8221; use_bg_overlay=&#8221;on&#8221; bg_overlay_color=&#8221;rgba(0,0,0,0.4)&#8221; use_text_overlay=&#8221;off&#8221; _builder_version=&#8221;3.0.106&#8243; header_level=&#8221;h1&#8243; header_text_align=&#8221;center&#8221; header_font_size=&#8221;2.5em&#8221; header_font_size_tablet=&#8221;2.5em&#8221; header_font_size_phone=&#8221;1.9em&#8221; background_image=&#8221;http:\/\/advanced.es\/wp-content\/uploads\/2018\/02\/cabecera-2.jpg&#8221; custom_button=&#8221;off&#8221; button_on_hover=&#8221;on&#8221; use_background_color_gradient=&#8221;off&#8221; background_color_gradient_start=&#8221;#2b87da&#8221; background_color_gradient_end=&#8221;#29c4a9&#8243; background_color_gradient_type=&#8221;linear&#8221; background_color_gradient_direction=&#8221;180deg&#8221; background_color_gradient_direction_radial=&#8221;center&#8221; background_color_gradient_start_position=&#8221;0%&#8221; background_color_gradient_end_position=&#8221;100%&#8221; background_color_gradient_overlays_image=&#8221;off&#8221; parallax=&#8221;off&#8221; parallax_method=&#8221;on&#8221; background_size=&#8221;cover&#8221; background_position=&#8221;center&#8221; background_repeat=&#8221;no-repeat&#8221; background_blend=&#8221;normal&#8221; allow_player_pause=&#8221;off&#8221; background_video_pause_outside_viewport=&#8221;on&#8221; text_border_radius=&#8221;3&#8243; alignment=&#8221;center&#8221; child_filter_hue_rotate=&#8221;0deg&#8221; child_filter_saturate=&#8221;100%&#8221; child_filter_brightness=&#8221;100%&#8221; child_filter_contrast=&#8221;100%&#8221; child_filter_invert=&#8221;0%&#8221; child_filter_sepia=&#8221;0%&#8221; [&hellip;]<\/p>\n","protected":false},"author":5,"featured_media":0,"parent":0,"menu_order":0,"comment_status":"closed","ping_status":"closed","template":"","meta":{"_et_pb_use_builder":"on","_et_pb_old_content":"","_et_gb_content_width":""},"_links":{"self":[{"href":"https:\/\/www.advanced.es\/ca\/wp-json\/wp\/v2\/pages\/618"}],"collection":[{"href":"https:\/\/www.advanced.es\/ca\/wp-json\/wp\/v2\/pages"}],"about":[{"href":"https:\/\/www.advanced.es\/ca\/wp-json\/wp\/v2\/types\/page"}],"author":[{"embeddable":true,"href":"https:\/\/www.advanced.es\/ca\/wp-json\/wp\/v2\/users\/5"}],"replies":[{"embeddable":true,"href":"https:\/\/www.advanced.es\/ca\/wp-json\/wp\/v2\/comments?post=618"}],"version-history":[{"count":16,"href":"https:\/\/www.advanced.es\/ca\/wp-json\/wp\/v2\/pages\/618\/revisions"}],"predecessor-version":[{"id":1922,"href":"https:\/\/www.advanced.es\/ca\/wp-json\/wp\/v2\/pages\/618\/revisions\/1922"}],"wp:attachment":[{"href":"https:\/\/www.advanced.es\/ca\/wp-json\/wp\/v2\/media?parent=618"}],"curies":[{"name":"wp","href":"https:\/\/api.w.org\/{rel}","templated":true}]}}