{"id":719,"date":"2017-11-14T10:49:26","date_gmt":"2017-11-14T10:49:26","guid":{"rendered":"http:\/\/advanced.es\/?page_id=719\/"},"modified":"2018-02-07T11:43:37","modified_gmt":"2018-02-07T11:43:37","slug":"marta-iranzo-assegurances-i-gestio-patrimonial","status":"publish","type":"page","link":"https:\/\/www.advanced.es\/ca\/empreses-allotjades\/marta-iranzo-assegurances-i-gestio-patrimonial\/","title":{"rendered":"Marta Iranzo &#8211; Assegurances i gesti\u00f3 patrimonial"},"content":{"rendered":"<p>[et_pb_section bb_built=&#8221;1&#8243;][et_pb_row][et_pb_column type=&#8221;4_4&#8243;][et_pb_post_title _builder_version=&#8221;3.0.60&#8243; title=&#8221;on&#8221; meta=&#8221;off&#8221; author=&#8221;on&#8221; date=&#8221;on&#8221; categories=&#8221;on&#8221; comments=&#8221;on&#8221; featured_image=&#8221;off&#8221; featured_placement=&#8221;below&#8221; parallax_method=&#8221;on&#8221; text_orientation=&#8221;left&#8221; text_color=&#8221;dark&#8221; text_background=&#8221;off&#8221; title_font_size=&#8221;30px&#8221; border_style=&#8221;solid&#8221; \/][et_pb_text _builder_version=&#8221;3.0.60&#8243; background_layout=&#8221;light&#8221; text_orientation=&#8221;left&#8221; border_style=&#8221;solid&#8221;]<\/p>\n<p>T\u00e9 un assessor patrimonial que li aconselli sobre la seva situaci\u00f3 econ\u00f2mica- financera, tant professional com personal? Nosaltres ens encarreguem d&#8217;analitzar la seva situaci\u00f3, d&#8217;aconsellar, informar i buscar-la millor oportunitat per:<\/p>\n<ul>\n<li>La seva protecci\u00f3 patrimonial i financera<\/li>\n<li>De la seva estalvi i inversi\u00f3<\/li>\n<li>El finan\u00e7ament del futur dels seus fills<\/li>\n<li>Preparar la jubilaci\u00f3<\/li>\n<li>Assessoria d&#8217;assegurances per a la seva empresa: R.C., R.C. Directius, PIME, Accidents col\u00b7lectius, Flotes, Salut col\u00b7lectius, Plans de previsi\u00f3 &#8230;<\/li>\n<\/ul>\n<p>[\/et_pb_text][\/et_pb_column][\/et_pb_row][et_pb_row][et_pb_column type=&#8221;1_2&#8243;][et_pb_image _builder_version=&#8221;3.0.100&#8243; src=&#8221;http:\/\/advanced.es\/wp-content\/uploads\/2017\/11\/axa-exclusiv.jpg&#8221; show_in_lightbox=&#8221;off&#8221; url_new_window=&#8221;off&#8221; use_overlay=&#8221;off&#8221; align=&#8221;right&#8221; always_center_on_mobile=&#8221;on&#8221; force_fullwidth=&#8221;off&#8221; max_width=&#8221;500px&#8221; animation_style=&#8221;slide&#8221; animation_duration=&#8221;500ms&#8221; animation_intensity_slide=&#8221;10%&#8221; animation_direction=&#8221;left&#8221; show_bottom_space=&#8221;on&#8221; \/][\/et_pb_column][et_pb_column type=&#8221;1_2&#8243;][et_pb_text _builder_version=&#8221;3.0.60&#8243; background_layout=&#8221;light&#8221; text_orientation=&#8221;left&#8221; border_style=&#8221;solid&#8221;]<\/p>\n<h2>Contacte:<\/h2>\n<p>Pl. de la Pau, edif.6, pl.1\u00aa (WTC Almeda Park)<br \/>\n08940 CORNELL\u00c0 (Barcelona)<br \/>\n<a href=\"mailto:marta.iranzo@exclusiv.axa.es\">marta.iranzo@exclusiv.axa.es<\/a><br \/>\n689 711 038<br \/>\n<a href=\"http:\/\/www.axa.es\/seguros\/axa-exclusiv\/marta-iranzo-llobet.html\">http:\/\/www.axa.es\/seguros\/axa-exclusiv\/marta-iranzo-llobet.html<\/a><\/p>\n<p>[\/et_pb_text][\/et_pb_column][\/et_pb_row][\/et_pb_section]<\/p>\n","protected":false},"excerpt":{"rendered":"<p>[et_pb_section bb_built=&#8221;1&#8243;][et_pb_row][et_pb_column type=&#8221;4_4&#8243;][et_pb_post_title _builder_version=&#8221;3.0.60&#8243; title=&#8221;on&#8221; meta=&#8221;off&#8221; author=&#8221;on&#8221; date=&#8221;on&#8221; categories=&#8221;on&#8221; comments=&#8221;on&#8221; featured_image=&#8221;off&#8221; featured_placement=&#8221;below&#8221; parallax_method=&#8221;on&#8221; text_orientation=&#8221;left&#8221; text_color=&#8221;dark&#8221; text_background=&#8221;off&#8221; title_font_size=&#8221;30px&#8221; border_style=&#8221;solid&#8221; \/][et_pb_text _builder_version=&#8221;3.0.60&#8243; background_layout=&#8221;light&#8221; text_orientation=&#8221;left&#8221; border_style=&#8221;solid&#8221;] T\u00e9 un assessor patrimonial que li aconselli sobre la seva situaci\u00f3 econ\u00f2mica- financera, tant professional com personal? Nosaltres ens encarreguem d&#8217;analitzar la seva situaci\u00f3, d&#8217;aconsellar, informar i buscar-la millor oportunitat per: La [&hellip;]<\/p>\n","protected":false},"author":5,"featured_media":0,"parent":601,"menu_order":0,"comment_status":"closed","ping_status":"closed","template":"","meta":{"_et_pb_use_builder":"on","_et_pb_old_content":"","_et_gb_content_width":""},"_links":{"self":[{"href":"https:\/\/www.advanced.es\/ca\/wp-json\/wp\/v2\/pages\/719"}],"collection":[{"href":"https:\/\/www.advanced.es\/ca\/wp-json\/wp\/v2\/pages"}],"about":[{"href":"https:\/\/www.advanced.es\/ca\/wp-json\/wp\/v2\/types\/page"}],"author":[{"embeddable":true,"href":"https:\/\/www.advanced.es\/ca\/wp-json\/wp\/v2\/users\/5"}],"replies":[{"embeddable":true,"href":"https:\/\/www.advanced.es\/ca\/wp-json\/wp\/v2\/comments?post=719"}],"version-history":[{"count":7,"href":"https:\/\/www.advanced.es\/ca\/wp-json\/wp\/v2\/pages\/719\/revisions"}],"predecessor-version":[{"id":1535,"href":"https:\/\/www.advanced.es\/ca\/wp-json\/wp\/v2\/pages\/719\/revisions\/1535"}],"up":[{"embeddable":true,"href":"https:\/\/www.advanced.es\/ca\/wp-json\/wp\/v2\/pages\/601"}],"wp:attachment":[{"href":"https:\/\/www.advanced.es\/ca\/wp-json\/wp\/v2\/media?parent=719"}],"curies":[{"name":"wp","href":"https:\/\/api.w.org\/{rel}","templated":true}]}}